{"id":10264,"date":"2017-06-16T17:43:01","date_gmt":"2017-06-16T15:43:01","guid":{"rendered":"http:\/\/www.gs-atter.de.maschinenhalle.eu\/?page_id=10264"},"modified":"2017-09-10T19:39:45","modified_gmt":"2017-09-10T17:39:45","slug":"evaluation","status":"publish","type":"page","link":"http:\/\/www.gs-atter.de.maschinenhalle.eu\/?page_id=10264","title":{"rendered":"Evaluation"},"content":{"rendered":"<p><strong><u>Auswertung der Selbstevaluation 2017<\/u><\/strong><\/p>\n<p>Die Grundschule Atter freut sich \u00fcber die Anerkennung unserer t\u00e4glichen p\u00e4dagogischen Arbeit durch die Eltern. In allen Bereichen der Evaluation wurden sehr hohe Zufriedenheitswerte erreicht. Die meisten Werte liegen im oberen Drittel.<\/p>\n<p>Insgesamt haben sich 58 Sch\u00fcler und Sch\u00fclerinnen der 3. und 4. Klasse und 61 Erziehungsberechtigte beteiligt.<\/p>\n<p>Die wenige Aufgabenfelder, an denen die \u201eStellschrauben\u201c nochmals nachgezogen werden m\u00fcssen, werden auf Dienstbesprechungen gekl\u00e4rt.<\/p>\n<p><u><strong>Links zu den Befragungsauswertungen\u00a0<\/strong><\/u><\/p>\n<h5><a href=\"http:\/\/www.gs-atter.de.maschinenhalle.eu\/wp-content\/uploads\/2014\/06\/3Z_Hinweise_Ergebnisberichte_allgemein.pdf\">Allgemeine Hinweise<\/a><\/h5>\n<p><a href=\"http:\/\/www.gs-atter.de.maschinenhalle.eu\/wp-content\/uploads\/2014\/06\/FrOSiN-GS-Atter-Osnabr\u00fcck-Auswertung-Sch\u00fcler-Jg.-34.pdf\">Auswertung Sch\u00fcler Jg. 3+4<\/a><\/p>\n<p><a href=\"http:\/\/www.gs-atter.de.maschinenhalle.eu\/wp-content\/uploads\/2014\/06\/FrOSiN-GS-Atter-Osnabr\u00fcck-Auswertung-Erziehungsberechtigte.pdf\">Auswertung Erziehungsberechtigte<\/a><\/p>\n<p>&nbsp;<\/p>\n","protected":false},"excerpt":{"rendered":"<p>Auswertung der Selbstevaluation 2017 Die Grundschule Atter freut sich \u00fcber die Anerkennung unserer t\u00e4glichen p\u00e4dagogischen Arbeit durch die Eltern. In allen Bereichen der Evaluation wurden sehr hohe Zufriedenheitswerte erreicht. Die meisten Werte liegen im oberen Drittel. Insgesamt haben sich 58 Sch\u00fcler und Sch\u00fclerinnen der 3. und 4. Klasse und 61 Erziehungsberechtigte beteiligt. Die wenige Aufgabenfelder, &#8230; <a title=\"Evaluation\" class=\"read-more\" href=\"http:\/\/www.gs-atter.de.maschinenhalle.eu\/?page_id=10264\" aria-label=\"Mehr dazu unter Evaluation\">Weiterlesen<\/a><\/p>\n","protected":false},"author":1,"featured_media":0,"parent":0,"menu_order":0,"comment_status":"closed","ping_status":"closed","template":"","meta":[],"_links":{"self":[{"href":"http:\/\/www.gs-atter.de.maschinenhalle.eu\/index.php?rest_route=\/wp\/v2\/pages\/10264"}],"collection":[{"href":"http:\/\/www.gs-atter.de.maschinenhalle.eu\/index.php?rest_route=\/wp\/v2\/pages"}],"about":[{"href":"http:\/\/www.gs-atter.de.maschinenhalle.eu\/index.php?rest_route=\/wp\/v2\/types\/page"}],"author":[{"embeddable":true,"href":"http:\/\/www.gs-atter.de.maschinenhalle.eu\/index.php?rest_route=\/wp\/v2\/users\/1"}],"replies":[{"embeddable":true,"href":"http:\/\/www.gs-atter.de.maschinenhalle.eu\/index.php?rest_route=%2Fwp%2Fv2%2Fcomments&post=10264"}],"version-history":[{"count":4,"href":"http:\/\/www.gs-atter.de.maschinenhalle.eu\/index.php?rest_route=\/wp\/v2\/pages\/10264\/revisions"}],"predecessor-version":[{"id":10381,"href":"http:\/\/www.gs-atter.de.maschinenhalle.eu\/index.php?rest_route=\/wp\/v2\/pages\/10264\/revisions\/10381"}],"wp:attachment":[{"href":"http:\/\/www.gs-atter.de.maschinenhalle.eu\/index.php?rest_route=%2Fwp%2Fv2%2Fmedia&parent=10264"}],"curies":[{"name":"wp","href":"https:\/\/api.w.org\/{rel}","templated":true}]}}