{"id":10325,"date":"2017-07-02T22:09:04","date_gmt":"2017-07-02T20:09:04","guid":{"rendered":"http:\/\/www.gs-atter.de.maschinenhalle.eu\/?page_id=10325"},"modified":"2025-04-14T20:42:41","modified_gmt":"2025-04-14T18:42:41","slug":"beurlaubung","status":"publish","type":"page","link":"http:\/\/www.gs-atter.de.maschinenhalle.eu\/?page_id=10325","title":{"rendered":"Krankmeldungen und Beurlaubung"},"content":{"rendered":"<p>Wenn Ihr Kind krank ist, informieren Sie die Schule bitte vor Schulbeginn. Nutzen Sie hierzu die Eltern-App ISerV. Es muss keine schriftliche Entschuldigung mehr folgen.<\/p>\n<p><strong>Vor und nach den Ferien muss grunds\u00e4tzlich mit einem Attest<\/strong> entschuldigt werden. Eine Krankmeldung durch die Eltern reicht nicht.<\/p>\n<p>\u00dcber <strong>Urlaubsantr\u00e4ge f\u00fcr einen Schultag<\/strong> entscheidet die Klassenleitung.<\/p>\n<p>\u00dcber die Befreiung einer Sch\u00fclerin oder eines Sch\u00fclers <strong>\u00fcber zwei und mehr Tage<\/strong> entscheidet die Schulleitung. Eine Befreiung vom Besuch der Schule ist lediglich in besonders begr\u00fcndeten Ausnahmef\u00e4llen und nur auf rechtzeitigen schriftlichen Antrag m\u00f6glich. Der Antrag ist von den Erziehungsberechtigten selbst zu stellen.<\/p>\n<p>Gr\u00fcnde f\u00fcr eine Unterrichtsbefreiung sind die Teilnahme an kirchlichen Veranstaltungen, Krankheit und Arztbesuch, Kuraufenthalte, schwere Erkrankungen oder ein Todesfall innerhalb der Familie, Heirat, Taufe, Kommunion oder Konfirmation in der engsten Familie, aktive Teilnahme des Sch\u00fclers an Sportwettk\u00e4mpfen oder an k\u00fcnstlerischen oder wissenschaftlichen Wettbewerben, Einsatz bei einer ehrenamtlichen T\u00e4tigkeit.<\/p>\n<p>F\u00fcr die Beurlaubung von Sch\u00fclerinnen und Sch\u00fclern m\u00fcssen strenge Ma\u00dfst\u00e4be angelegt werden: Familienurlaub ist Grunds\u00e4tzlich in den Ferien zu unternehmen. Gleiches gilt f\u00fcr den Beantragungszeitraum vor und nach den Ferien. Zu diesem Zeitpunkt sind Beurlaubungen grunds\u00e4tzlich nicht m\u00f6glich.<\/p>\n","protected":false},"excerpt":{"rendered":"<p>Wenn Ihr Kind krank ist, informieren Sie die Schule bitte vor Schulbeginn. Nutzen Sie hierzu die Eltern-App ISerV. Es muss keine schriftliche Entschuldigung mehr folgen. Vor und nach den Ferien muss grunds\u00e4tzlich mit einem Attest entschuldigt werden. Eine Krankmeldung durch die Eltern reicht nicht. \u00dcber Urlaubsantr\u00e4ge f\u00fcr einen Schultag entscheidet die Klassenleitung. \u00dcber die Befreiung &#8230; <a title=\"Krankmeldungen und Beurlaubung\" class=\"read-more\" href=\"http:\/\/www.gs-atter.de.maschinenhalle.eu\/?page_id=10325\" aria-label=\"Mehr dazu unter Krankmeldungen und Beurlaubung\">Weiterlesen<\/a><\/p>\n","protected":false},"author":1,"featured_media":0,"parent":0,"menu_order":0,"comment_status":"closed","ping_status":"closed","template":"","meta":[],"_links":{"self":[{"href":"http:\/\/www.gs-atter.de.maschinenhalle.eu\/index.php?rest_route=\/wp\/v2\/pages\/10325"}],"collection":[{"href":"http:\/\/www.gs-atter.de.maschinenhalle.eu\/index.php?rest_route=\/wp\/v2\/pages"}],"about":[{"href":"http:\/\/www.gs-atter.de.maschinenhalle.eu\/index.php?rest_route=\/wp\/v2\/types\/page"}],"author":[{"embeddable":true,"href":"http:\/\/www.gs-atter.de.maschinenhalle.eu\/index.php?rest_route=\/wp\/v2\/users\/1"}],"replies":[{"embeddable":true,"href":"http:\/\/www.gs-atter.de.maschinenhalle.eu\/index.php?rest_route=%2Fwp%2Fv2%2Fcomments&post=10325"}],"version-history":[{"count":6,"href":"http:\/\/www.gs-atter.de.maschinenhalle.eu\/index.php?rest_route=\/wp\/v2\/pages\/10325\/revisions"}],"predecessor-version":[{"id":14810,"href":"http:\/\/www.gs-atter.de.maschinenhalle.eu\/index.php?rest_route=\/wp\/v2\/pages\/10325\/revisions\/14810"}],"wp:attachment":[{"href":"http:\/\/www.gs-atter.de.maschinenhalle.eu\/index.php?rest_route=%2Fwp%2Fv2%2Fmedia&parent=10325"}],"curies":[{"name":"wp","href":"https:\/\/api.w.org\/{rel}","templated":true}]}}