{"id":10615,"date":"2017-12-20T20:53:32","date_gmt":"2017-12-20T18:53:32","guid":{"rendered":"http:\/\/www.gs-atter.de.maschinenhalle.eu\/?page_id=10615"},"modified":"2017-12-28T11:14:02","modified_gmt":"2017-12-28T09:14:02","slug":"adventszeit","status":"publish","type":"page","link":"http:\/\/www.gs-atter.de.maschinenhalle.eu\/?page_id=10615","title":{"rendered":"Adventszeit"},"content":{"rendered":"<p>&nbsp;<\/p>\n<p>In der<a href=\"http:\/\/www.gs-atter.de.maschinenhalle.eu\/wp-content\/uploads\/2017\/12\/IMG_4428.jpg\"><img loading=\"lazy\" class=\"size-medium wp-image-10558 alignleft\" src=\"http:\/\/www.gs-atter.de.maschinenhalle.eu\/wp-content\/uploads\/2017\/12\/IMG_4428-300x225.jpg\" alt=\"\" width=\"300\" height=\"225\" srcset=\"http:\/\/www.gs-atter.de.maschinenhalle.eu\/wp-content\/uploads\/2017\/12\/IMG_4428-300x225.jpg 300w, http:\/\/www.gs-atter.de.maschinenhalle.eu\/wp-content\/uploads\/2017\/12\/IMG_4428-768x576.jpg 768w, http:\/\/www.gs-atter.de.maschinenhalle.eu\/wp-content\/uploads\/2017\/12\/IMG_4428-1030x773.jpg 1030w, http:\/\/www.gs-atter.de.maschinenhalle.eu\/wp-content\/uploads\/2017\/12\/IMG_4428.jpg 1152w\" sizes=\"(max-width: 300px) 100vw, 300px\" \/><\/a> Adventszeit ist in Atter immer eine Menge los:<\/p>\n<p>Den Anfang machte die <strong>&#8222;Waffelbackaktion&#8220; des Sch\u00fclerrates<\/strong> unter der Leitung von Frau Timmermann. Dieses Jahr wurden fast 200 \u20ac eingenommen. Die Klassensprecher w\u00fcnschen sich Regenpausenspiele f\u00fcr die Schule.<\/p>\n<p>&nbsp;<\/p>\n<p>Anschlie\u00dfend folgten <strong>in allen Klassen<\/strong> die <strong>Weihnachtfeiern<\/strong>, f\u00fcr die viele Kinder Gedichte, Lieder und Theaterst\u00fccke gelernt hatten. Pl\u00e4tzchen und Kinderpunsch rundeten einen sch\u00f6nen Nachmittag ab.<\/p>\n<p>&nbsp;<\/p>\n<p>Am 11. Dezember standen allen Atteranern die Schult\u00fcren offen: Das <strong>elfte T\u00fcrchen des lebendigen Adventskalenders<\/strong> wurde ge\u00f6ffnet und in gem\u00fctlicher Runde den Auftritten der Kinder gelauscht.\u00a0<a href=\"http:\/\/www.gs-atter.de.maschinenhalle.eu\/wp-content\/uploads\/2017\/12\/E5810E28-57B1-4CA8-A840-22EE5551E00A.jpeg\"><img loading=\"lazy\" class=\"alignnone size-medium wp-image-10661\" src=\"http:\/\/www.gs-atter.de.maschinenhalle.eu\/wp-content\/uploads\/2017\/12\/E5810E28-57B1-4CA8-A840-22EE5551E00A.jpeg\" alt=\"\" width=\"1\" height=\"1\" \/><\/a><\/p>\n<div id='gallery-1' class='gallery galleryid-10615 gallery-columns-3 gallery-size-medium'><figure class='gallery-item'>\n\t\t\t<div class='gallery-icon landscape'>\n\t\t\t\t<a href='http:\/\/www.gs-atter.de.maschinenhalle.eu\/?attachment_id=10666#main'><img width=\"300\" height=\"225\" src=\"http:\/\/www.gs-atter.de.maschinenhalle.eu\/wp-content\/uploads\/2017\/12\/54676440-8BB4-4CAE-82E6-51B4AC040BB8-300x225.jpeg\" class=\"attachment-medium size-medium\" alt=\"\" loading=\"lazy\" srcset=\"http:\/\/www.gs-atter.de.maschinenhalle.eu\/wp-content\/uploads\/2017\/12\/54676440-8BB4-4CAE-82E6-51B4AC040BB8-300x225.jpeg 300w, http:\/\/www.gs-atter.de.maschinenhalle.eu\/wp-content\/uploads\/2017\/12\/54676440-8BB4-4CAE-82E6-51B4AC040BB8-768x576.jpeg 768w, http:\/\/www.gs-atter.de.maschinenhalle.eu\/wp-content\/uploads\/2017\/12\/54676440-8BB4-4CAE-82E6-51B4AC040BB8-1030x773.jpeg 1030w\" sizes=\"(max-width: 300px) 100vw, 300px\" \/><\/a>\n\t\t\t<\/div><\/figure><figure class='gallery-item'>\n\t\t\t<div class='gallery-icon landscape'>\n\t\t\t\t<a href='http:\/\/www.gs-atter.de.maschinenhalle.eu\/?attachment_id=10667'><img width=\"300\" height=\"225\" src=\"http:\/\/www.gs-atter.de.maschinenhalle.eu\/wp-content\/uploads\/2017\/12\/ABB8F21D-6B82-4D54-A07F-17DF6B035D2C-300x225.jpeg\" class=\"attachment-medium size-medium\" alt=\"\" loading=\"lazy\" srcset=\"http:\/\/www.gs-atter.de.maschinenhalle.eu\/wp-content\/uploads\/2017\/12\/ABB8F21D-6B82-4D54-A07F-17DF6B035D2C-300x225.jpeg 300w, http:\/\/www.gs-atter.de.maschinenhalle.eu\/wp-content\/uploads\/2017\/12\/ABB8F21D-6B82-4D54-A07F-17DF6B035D2C-768x576.jpeg 768w, http:\/\/www.gs-atter.de.maschinenhalle.eu\/wp-content\/uploads\/2017\/12\/ABB8F21D-6B82-4D54-A07F-17DF6B035D2C-1030x773.jpeg 1030w\" sizes=\"(max-width: 300px) 100vw, 300px\" \/><\/a>\n\t\t\t<\/div><\/figure><figure class='gallery-item'>\n\t\t\t<div class='gallery-icon landscape'>\n\t\t\t\t<a href='http:\/\/www.gs-atter.de.maschinenhalle.eu\/?attachment_id=10668'><img width=\"300\" height=\"225\" src=\"http:\/\/www.gs-atter.de.maschinenhalle.eu\/wp-content\/uploads\/2017\/12\/AFA2BC9F-8937-45B8-9C5A-D68E26BCEAFD-300x225.jpeg\" class=\"attachment-medium size-medium\" alt=\"\" loading=\"lazy\" srcset=\"http:\/\/www.gs-atter.de.maschinenhalle.eu\/wp-content\/uploads\/2017\/12\/AFA2BC9F-8937-45B8-9C5A-D68E26BCEAFD-300x225.jpeg 300w, http:\/\/www.gs-atter.de.maschinenhalle.eu\/wp-content\/uploads\/2017\/12\/AFA2BC9F-8937-45B8-9C5A-D68E26BCEAFD-768x576.jpeg 768w, http:\/\/www.gs-atter.de.maschinenhalle.eu\/wp-content\/uploads\/2017\/12\/AFA2BC9F-8937-45B8-9C5A-D68E26BCEAFD-1030x773.jpeg 1030w\" sizes=\"(max-width: 300px) 100vw, 300px\" \/><\/a>\n\t\t\t<\/div><\/figure>\n\t\t<\/div>\n\n<p>&nbsp;<\/p>\n<p>Am letzten Tag vo<a href=\"http:\/\/www.gs-atter.de.maschinenhalle.eu\/wp-content\/uploads\/2017\/12\/8633607A-9EE9-4A54-84EC-05C750F0F6E1.jpeg\"><img loading=\"lazy\" class=\"size-medium wp-image-10608 alignright\" src=\"http:\/\/www.gs-atter.de.maschinenhalle.eu\/wp-content\/uploads\/2017\/12\/8633607A-9EE9-4A54-84EC-05C750F0F6E1-300x169.jpeg\" alt=\"\" width=\"300\" height=\"169\" srcset=\"http:\/\/www.gs-atter.de.maschinenhalle.eu\/wp-content\/uploads\/2017\/12\/8633607A-9EE9-4A54-84EC-05C750F0F6E1-300x169.jpeg 300w, http:\/\/www.gs-atter.de.maschinenhalle.eu\/wp-content\/uploads\/2017\/12\/8633607A-9EE9-4A54-84EC-05C750F0F6E1-768x432.jpeg 768w, http:\/\/www.gs-atter.de.maschinenhalle.eu\/wp-content\/uploads\/2017\/12\/8633607A-9EE9-4A54-84EC-05C750F0F6E1-1030x579.jpeg 1030w, http:\/\/www.gs-atter.de.maschinenhalle.eu\/wp-content\/uploads\/2017\/12\/8633607A-9EE9-4A54-84EC-05C750F0F6E1.jpeg 1280w\" sizes=\"(max-width: 300px) 100vw, 300px\" \/><\/a>r den Ferien wurde das <strong>Musical &#8222;Eine Weihnachtsreise rund um die Welt&#8220;<\/strong> aufgef\u00fchrt. Alle Klassen beteiligten sich an dieser Gemeinschaftsaktion mit landestypisches Lieder oder T\u00e4nzen. Vielen Dank an Frau B\u00e4umler, die mit ihrer Klasse 4a f\u00fcr den musikalischen Rahmen sorgte.<\/p>\n<p>&nbsp;<\/p>\n<p>&nbsp;<\/p>\n<p>&nbsp;<\/p>\n<p>Nat\u00fcrlich haben wir auch an andere Menschen gedacht und f\u00fcr die <strong>Osnabr\u00fccker Tafel<\/strong> gesammelt. Die Lebensmittelspenden wurden auf den gr\u00f6\u00dften Tisch der Schule gesammelt und schlie\u00dflich mit einem gro\u00dfen Lieferwagen heute abgeholt.<\/p>\n<div id='gallery-2' class='gallery galleryid-10615 gallery-columns-4 gallery-size-medium'><figure class='gallery-item'>\n\t\t\t<div class='gallery-icon landscape'>\n\t\t\t\t<a href='http:\/\/www.gs-atter.de.maschinenhalle.eu\/?attachment_id=10692'><img width=\"300\" height=\"225\" src=\"http:\/\/www.gs-atter.de.maschinenhalle.eu\/wp-content\/uploads\/2017\/12\/7C4EE266-14AB-47CF-8B94-E3F0207B4DC2-300x225.jpeg\" class=\"attachment-medium size-medium\" alt=\"\" loading=\"lazy\" srcset=\"http:\/\/www.gs-atter.de.maschinenhalle.eu\/wp-content\/uploads\/2017\/12\/7C4EE266-14AB-47CF-8B94-E3F0207B4DC2-300x225.jpeg 300w, http:\/\/www.gs-atter.de.maschinenhalle.eu\/wp-content\/uploads\/2017\/12\/7C4EE266-14AB-47CF-8B94-E3F0207B4DC2-768x576.jpeg 768w, http:\/\/www.gs-atter.de.maschinenhalle.eu\/wp-content\/uploads\/2017\/12\/7C4EE266-14AB-47CF-8B94-E3F0207B4DC2-1030x773.jpeg 1030w\" sizes=\"(max-width: 300px) 100vw, 300px\" \/><\/a>\n\t\t\t<\/div><\/figure><figure class='gallery-item'>\n\t\t\t<div class='gallery-icon landscape'>\n\t\t\t\t<a href='http:\/\/www.gs-atter.de.maschinenhalle.eu\/?attachment_id=10690'><img width=\"300\" height=\"225\" src=\"http:\/\/www.gs-atter.de.maschinenhalle.eu\/wp-content\/uploads\/2017\/12\/C140A53A-8E91-4A76-BEF8-AD5D7B0852EF-300x225.jpeg\" class=\"attachment-medium size-medium\" alt=\"\" loading=\"lazy\" srcset=\"http:\/\/www.gs-atter.de.maschinenhalle.eu\/wp-content\/uploads\/2017\/12\/C140A53A-8E91-4A76-BEF8-AD5D7B0852EF-300x225.jpeg 300w, http:\/\/www.gs-atter.de.maschinenhalle.eu\/wp-content\/uploads\/2017\/12\/C140A53A-8E91-4A76-BEF8-AD5D7B0852EF-768x576.jpeg 768w, http:\/\/www.gs-atter.de.maschinenhalle.eu\/wp-content\/uploads\/2017\/12\/C140A53A-8E91-4A76-BEF8-AD5D7B0852EF-1030x773.jpeg 1030w\" sizes=\"(max-width: 300px) 100vw, 300px\" \/><\/a>\n\t\t\t<\/div><\/figure><figure class='gallery-item'>\n\t\t\t<div class='gallery-icon landscape'>\n\t\t\t\t<a href='http:\/\/www.gs-atter.de.maschinenhalle.eu\/?attachment_id=10689'><img width=\"300\" height=\"225\" src=\"http:\/\/www.gs-atter.de.maschinenhalle.eu\/wp-content\/uploads\/2017\/12\/DB685395-AFC9-4C3E-A4C9-8EBE910F0120-300x225.jpeg\" class=\"attachment-medium size-medium\" alt=\"\" loading=\"lazy\" srcset=\"http:\/\/www.gs-atter.de.maschinenhalle.eu\/wp-content\/uploads\/2017\/12\/DB685395-AFC9-4C3E-A4C9-8EBE910F0120-300x225.jpeg 300w, http:\/\/www.gs-atter.de.maschinenhalle.eu\/wp-content\/uploads\/2017\/12\/DB685395-AFC9-4C3E-A4C9-8EBE910F0120-768x576.jpeg 768w, http:\/\/www.gs-atter.de.maschinenhalle.eu\/wp-content\/uploads\/2017\/12\/DB685395-AFC9-4C3E-A4C9-8EBE910F0120-1030x773.jpeg 1030w\" sizes=\"(max-width: 300px) 100vw, 300px\" \/><\/a>\n\t\t\t<\/div><\/figure><figure class='gallery-item'>\n\t\t\t<div class='gallery-icon landscape'>\n\t\t\t\t<a href='http:\/\/www.gs-atter.de.maschinenhalle.eu\/?attachment_id=10688'><img width=\"300\" height=\"225\" src=\"http:\/\/www.gs-atter.de.maschinenhalle.eu\/wp-content\/uploads\/2017\/12\/7751E8EA-6FFB-4395-A66C-38A50528D309-300x225.jpeg\" class=\"attachment-medium size-medium\" alt=\"\" loading=\"lazy\" srcset=\"http:\/\/www.gs-atter.de.maschinenhalle.eu\/wp-content\/uploads\/2017\/12\/7751E8EA-6FFB-4395-A66C-38A50528D309-300x225.jpeg 300w, http:\/\/www.gs-atter.de.maschinenhalle.eu\/wp-content\/uploads\/2017\/12\/7751E8EA-6FFB-4395-A66C-38A50528D309-768x576.jpeg 768w, http:\/\/www.gs-atter.de.maschinenhalle.eu\/wp-content\/uploads\/2017\/12\/7751E8EA-6FFB-4395-A66C-38A50528D309-1030x773.jpeg 1030w\" sizes=\"(max-width: 300px) 100vw, 300px\" \/><\/a>\n\t\t\t<\/div><\/figure>\n\t\t<\/div>\n\n<p>&nbsp;<\/p>\n<p><a href=\"http:\/\/www.gs-atter.de.maschinenhalle.eu\/wp-content\/uploads\/2017\/12\/F77B0D67-E731-404C-BBED-DC46067ED202.jpeg\"><img loading=\"lazy\" class=\"size-medium wp-image-10697 alignright\" src=\"http:\/\/www.gs-atter.de.maschinenhalle.eu\/wp-content\/uploads\/2017\/12\/F77B0D67-E731-404C-BBED-DC46067ED202-225x300.jpeg\" alt=\"\" width=\"225\" height=\"300\" srcset=\"http:\/\/www.gs-atter.de.maschinenhalle.eu\/wp-content\/uploads\/2017\/12\/F77B0D67-E731-404C-BBED-DC46067ED202-225x300.jpeg 225w, http:\/\/www.gs-atter.de.maschinenhalle.eu\/wp-content\/uploads\/2017\/12\/F77B0D67-E731-404C-BBED-DC46067ED202-768x1024.jpeg 768w, http:\/\/www.gs-atter.de.maschinenhalle.eu\/wp-content\/uploads\/2017\/12\/F77B0D67-E731-404C-BBED-DC46067ED202-772x1030.jpeg 772w\" sizes=\"(max-width: 225px) 100vw, 225px\" \/><\/a>Die beiden Klassen 1 erhielten zu Beginn der Adventszeit Besuch von der stadtbekannten M\u00e4rchenerz\u00e4hlerin Frau Meyer. Eindrucksvoll fabulierte sie interessante M\u00e4rchen aus aller Welt. Die Erstleser h\u00f6rten gespannt zu.<\/p>\n<p><a href=\"http:\/\/www.gs-atter.de.maschinenhalle.eu\/wp-content\/uploads\/2017\/12\/E128A562-6600-4C89-91E5-415F57F9B142.jpeg\"><img loading=\"lazy\" class=\"alignnone size-medium wp-image-10698\" src=\"http:\/\/www.gs-atter.de.maschinenhalle.eu\/wp-content\/uploads\/2017\/12\/E128A562-6600-4C89-91E5-415F57F9B142-300x225.jpeg\" alt=\"\" width=\"300\" height=\"225\" srcset=\"http:\/\/www.gs-atter.de.maschinenhalle.eu\/wp-content\/uploads\/2017\/12\/E128A562-6600-4C89-91E5-415F57F9B142-300x225.jpeg 300w, http:\/\/www.gs-atter.de.maschinenhalle.eu\/wp-content\/uploads\/2017\/12\/E128A562-6600-4C89-91E5-415F57F9B142-768x576.jpeg 768w, http:\/\/www.gs-atter.de.maschinenhalle.eu\/wp-content\/uploads\/2017\/12\/E128A562-6600-4C89-91E5-415F57F9B142-1030x773.jpeg 1030w\" sizes=\"(max-width: 300px) 100vw, 300px\" \/><\/a><\/p>\n<p>&nbsp;<\/p>\n<p>Liebevolle Geschenke haben viele Grundsch\u00fcler f\u00fcr ihre Eltern gebastelt.<\/p>\n<p>In der Klasse 4b wurden kunstvoll<a href=\"http:\/\/www.gs-atter.de.maschinenhalle.eu\/wp-content\/uploads\/2017\/12\/8D41A358-C51F-473A-ADBB-332EE7CDE2E3.jpeg\"><img loading=\"lazy\" class=\"size-medium wp-image-10685 alignright\" src=\"http:\/\/www.gs-atter.de.maschinenhalle.eu\/wp-content\/uploads\/2017\/12\/8D41A358-C51F-473A-ADBB-332EE7CDE2E3-300x225.jpeg\" alt=\"\" width=\"300\" height=\"225\" srcset=\"http:\/\/www.gs-atter.de.maschinenhalle.eu\/wp-content\/uploads\/2017\/12\/8D41A358-C51F-473A-ADBB-332EE7CDE2E3-300x225.jpeg 300w, http:\/\/www.gs-atter.de.maschinenhalle.eu\/wp-content\/uploads\/2017\/12\/8D41A358-C51F-473A-ADBB-332EE7CDE2E3-768x576.jpeg 768w, http:\/\/www.gs-atter.de.maschinenhalle.eu\/wp-content\/uploads\/2017\/12\/8D41A358-C51F-473A-ADBB-332EE7CDE2E3-1030x773.jpeg 1030w\" sizes=\"(max-width: 300px) 100vw, 300px\" \/><\/a>e Geweihe f\u00fcr die h\u00e4usliche Wanddeko hergestellt.<\/p>\n<p>&nbsp;<\/p>\n<p>&nbsp;<\/p>\n<p>&nbsp;<\/p>\n<p>&nbsp;<\/p>\n","protected":false},"excerpt":{"rendered":"<p>&nbsp; In der Adventszeit ist in Atter immer eine Menge los: Den Anfang machte die &#8222;Waffelbackaktion&#8220; des Sch\u00fclerrates unter der Leitung von Frau Timmermann. Dieses Jahr wurden fast 200 \u20ac eingenommen. Die Klassensprecher w\u00fcnschen sich Regenpausenspiele f\u00fcr die Schule. &nbsp; Anschlie\u00dfend folgten in allen Klassen die Weihnachtfeiern, f\u00fcr die viele Kinder Gedichte, Lieder und Theaterst\u00fccke &#8230; <a title=\"Adventszeit\" class=\"read-more\" href=\"http:\/\/www.gs-atter.de.maschinenhalle.eu\/?page_id=10615\" aria-label=\"Mehr dazu unter Adventszeit\">Weiterlesen<\/a><\/p>\n","protected":false},"author":1,"featured_media":0,"parent":0,"menu_order":0,"comment_status":"closed","ping_status":"closed","template":"","meta":[],"_links":{"self":[{"href":"http:\/\/www.gs-atter.de.maschinenhalle.eu\/index.php?rest_route=\/wp\/v2\/pages\/10615"}],"collection":[{"href":"http:\/\/www.gs-atter.de.maschinenhalle.eu\/index.php?rest_route=\/wp\/v2\/pages"}],"about":[{"href":"http:\/\/www.gs-atter.de.maschinenhalle.eu\/index.php?rest_route=\/wp\/v2\/types\/page"}],"author":[{"embeddable":true,"href":"http:\/\/www.gs-atter.de.maschinenhalle.eu\/index.php?rest_route=\/wp\/v2\/users\/1"}],"replies":[{"embeddable":true,"href":"http:\/\/www.gs-atter.de.maschinenhalle.eu\/index.php?rest_route=%2Fwp%2Fv2%2Fcomments&post=10615"}],"version-history":[{"count":12,"href":"http:\/\/www.gs-atter.de.maschinenhalle.eu\/index.php?rest_route=\/wp\/v2\/pages\/10615\/revisions"}],"predecessor-version":[{"id":10707,"href":"http:\/\/www.gs-atter.de.maschinenhalle.eu\/index.php?rest_route=\/wp\/v2\/pages\/10615\/revisions\/10707"}],"wp:attachment":[{"href":"http:\/\/www.gs-atter.de.maschinenhalle.eu\/index.php?rest_route=%2Fwp%2Fv2%2Fmedia&parent=10615"}],"curies":[{"name":"wp","href":"https:\/\/api.w.org\/{rel}","templated":true}]}}