{"id":10943,"date":"2018-05-13T17:37:45","date_gmt":"2018-05-13T15:37:45","guid":{"rendered":"http:\/\/www.gs-atter.de.maschinenhalle.eu\/?page_id=10943"},"modified":"2018-05-13T17:39:10","modified_gmt":"2018-05-13T15:39:10","slug":"buecherlisten","status":"publish","type":"page","link":"http:\/\/www.gs-atter.de.maschinenhalle.eu\/?page_id=10943","title":{"rendered":"B\u00fccherlisten"},"content":{"rendered":"<p>Die aktuelle B\u00fccherliste f\u00fcr das Schuljahr 2018\/19 k\u00f6nnen Sie sich unten herunterladen. Es folgen weitere Informationen zur Lernmittelausleihe.<\/p>\n<table>\n<tbody>\n<tr>\n<td width=\"363\"><a href=\"http:\/\/www.gs-atter.de.maschinenhalle.eu\/wp-content\/uploads\/2018\/05\/Lernmittelliste_2018.pdf\"><strong>B\u00fccherliste 2018\/19<\/strong><\/a><\/td>\n<\/tr>\n<tr>\n<td width=\"363\"><a href=\"http:\/\/www.gs-atter.de.maschinenhalle.eu\/wp-content\/uploads\/2018\/05\/Information_Eltern.pdf\"><strong>Information zur Lernmittelausleihe<\/strong><\/a><\/td>\n<\/tr>\n<tr>\n<td width=\"363\"><a href=\"http:\/\/www.gs-atter.de.maschinenhalle.eu\/wp-content\/uploads\/2018\/05\/Anmeldung_Ausleihe.pdf\"><strong>Anmeldung zur Lernmittelausleihe<\/strong><\/a><\/td>\n<\/tr>\n<\/tbody>\n<\/table>\n<p>&nbsp;<\/p>\n<p>&nbsp;<\/p>\n","protected":false},"excerpt":{"rendered":"<p>Die aktuelle B\u00fccherliste f\u00fcr das Schuljahr 2018\/19 k\u00f6nnen Sie sich unten herunterladen. Es folgen weitere Informationen zur Lernmittelausleihe. B\u00fccherliste 2018\/19 Information zur Lernmittelausleihe Anmeldung zur Lernmittelausleihe &nbsp; &nbsp;<\/p>\n","protected":false},"author":1,"featured_media":0,"parent":0,"menu_order":0,"comment_status":"closed","ping_status":"closed","template":"","meta":[],"_links":{"self":[{"href":"http:\/\/www.gs-atter.de.maschinenhalle.eu\/index.php?rest_route=\/wp\/v2\/pages\/10943"}],"collection":[{"href":"http:\/\/www.gs-atter.de.maschinenhalle.eu\/index.php?rest_route=\/wp\/v2\/pages"}],"about":[{"href":"http:\/\/www.gs-atter.de.maschinenhalle.eu\/index.php?rest_route=\/wp\/v2\/types\/page"}],"author":[{"embeddable":true,"href":"http:\/\/www.gs-atter.de.maschinenhalle.eu\/index.php?rest_route=\/wp\/v2\/users\/1"}],"replies":[{"embeddable":true,"href":"http:\/\/www.gs-atter.de.maschinenhalle.eu\/index.php?rest_route=%2Fwp%2Fv2%2Fcomments&post=10943"}],"version-history":[{"count":3,"href":"http:\/\/www.gs-atter.de.maschinenhalle.eu\/index.php?rest_route=\/wp\/v2\/pages\/10943\/revisions"}],"predecessor-version":[{"id":10950,"href":"http:\/\/www.gs-atter.de.maschinenhalle.eu\/index.php?rest_route=\/wp\/v2\/pages\/10943\/revisions\/10950"}],"wp:attachment":[{"href":"http:\/\/www.gs-atter.de.maschinenhalle.eu\/index.php?rest_route=%2Fwp%2Fv2%2Fmedia&parent=10943"}],"curies":[{"name":"wp","href":"https:\/\/api.w.org\/{rel}","templated":true}]}}