{"id":11653,"date":"2019-04-21T14:32:50","date_gmt":"2019-04-21T12:32:50","guid":{"rendered":"http:\/\/www.gs-atter.de.maschinenhalle.eu\/?page_id=11653"},"modified":"2019-04-21T14:32:56","modified_gmt":"2019-04-21T12:32:56","slug":"einschulung-2019","status":"publish","type":"page","link":"http:\/\/www.gs-atter.de.maschinenhalle.eu\/?page_id=11653","title":{"rendered":"Einschulung 2019"},"content":{"rendered":"<p>Liebe Eltern,<\/p>\n<p>am 17. August 2019 findet an der Grundschule Atter die Einschulungsfeier f\u00fcr unserer zuk\u00fcnftigen Erstkl\u00e4ssler statt. Nach einem Gottesdienst um 9:15 Uhr in der Stephanuskirche wird um 10.00 Uhr in der Turnhalle weitergefeiert.<\/p>\n<p>Hier finden Sie alle wichtigen Informationen zum herunterladen:<\/p>\n<ul>\n<li><a href=\"http:\/\/br\u00fcckenprojekte_2019\">\u00dcbergangsprojekte<\/a><\/li>\n<\/ul>\n","protected":false},"excerpt":{"rendered":"<p>Liebe Eltern, am 17. August 2019 findet an der Grundschule Atter die Einschulungsfeier f\u00fcr unserer zuk\u00fcnftigen Erstkl\u00e4ssler statt. Nach einem Gottesdienst um 9:15 Uhr in der Stephanuskirche wird um 10.00 Uhr in der Turnhalle weitergefeiert. Hier finden Sie alle wichtigen Informationen zum herunterladen: \u00dcbergangsprojekte<\/p>\n","protected":false},"author":1,"featured_media":0,"parent":0,"menu_order":0,"comment_status":"closed","ping_status":"closed","template":"","meta":[],"_links":{"self":[{"href":"http:\/\/www.gs-atter.de.maschinenhalle.eu\/index.php?rest_route=\/wp\/v2\/pages\/11653"}],"collection":[{"href":"http:\/\/www.gs-atter.de.maschinenhalle.eu\/index.php?rest_route=\/wp\/v2\/pages"}],"about":[{"href":"http:\/\/www.gs-atter.de.maschinenhalle.eu\/index.php?rest_route=\/wp\/v2\/types\/page"}],"author":[{"embeddable":true,"href":"http:\/\/www.gs-atter.de.maschinenhalle.eu\/index.php?rest_route=\/wp\/v2\/users\/1"}],"replies":[{"embeddable":true,"href":"http:\/\/www.gs-atter.de.maschinenhalle.eu\/index.php?rest_route=%2Fwp%2Fv2%2Fcomments&post=11653"}],"version-history":[{"count":2,"href":"http:\/\/www.gs-atter.de.maschinenhalle.eu\/index.php?rest_route=\/wp\/v2\/pages\/11653\/revisions"}],"predecessor-version":[{"id":11844,"href":"http:\/\/www.gs-atter.de.maschinenhalle.eu\/index.php?rest_route=\/wp\/v2\/pages\/11653\/revisions\/11844"}],"wp:attachment":[{"href":"http:\/\/www.gs-atter.de.maschinenhalle.eu\/index.php?rest_route=%2Fwp%2Fv2%2Fmedia&parent=11653"}],"curies":[{"name":"wp","href":"https:\/\/api.w.org\/{rel}","templated":true}]}}