{"id":12053,"date":"2020-02-27T12:36:23","date_gmt":"2020-02-27T10:36:23","guid":{"rendered":"http:\/\/www.gs-atter.de.maschinenhalle.eu\/?page_id=12053"},"modified":"2020-02-27T12:45:38","modified_gmt":"2020-02-27T10:45:38","slug":"neue-sportgeraete","status":"publish","type":"page","link":"http:\/\/www.gs-atter.de.maschinenhalle.eu\/?page_id=12053","title":{"rendered":"neue Sportger\u00e4te"},"content":{"rendered":"<p>Dank der finanziellen Unterst\u00fctzung folgender Firmen, konnten wir neue Sportger\u00e4te anschaffen. Wir sagen im Namen unserer Kinder vielen Dank an die<\/p>\n<p style=\"text-align: center;\"><strong>Fritz Rudolf K\u00fcnker GmbH&amp;Co Kg \u00a0\u00a0 ++++ \u00a0\u00a0 <\/strong><strong>Rolf Lasertechnik GmbH&amp;Co \u00a0\u00a0 ++++ \u00a0\u00a0 Kg<\/strong><b>MeyFra Wartung GmbH<\/b><\/p>\n<p style=\"text-align: center;\"><strong>++++ \u00a0<\/strong> <strong>Bauking GmbH \u00a0 ++++ \u00a0 \u00a0 <\/strong><strong>Science to Business GmbH<img loading=\"lazy\" class=\"wp-image-12054 size-large aligncenter\" style=\"color: #333333; display: block; font-family: &amp;quot; libre franklin&amp;quot;,&amp;quot;helvetica neue&amp;quot;,helvetica,arial,sans-serif; font-size: 16px; font-style: normal; font-variant: normal; font-weight: 400; height: auto; letter-spacing: normal; margin-left: auto; margin-right: auto; max-width: 100%; orphans: 2; outline-color: #72777c; outline-style: solid; outline-width: 1px; text-align: left; text-decoration: none; text-indent: 0px; text-transform: none; -webkit-text-stroke-width: 0px; white-space: normal; width: inherit; word-spacing: 0px;\" src=\"http:\/\/www.gs-atter.de.maschinenhalle.eu\/wp-content\/uploads\/2020\/02\/Sponsoren.JPG-1030x773.png\" alt=\"\" width=\"640\" height=\"480\" srcset=\"http:\/\/www.gs-atter.de.maschinenhalle.eu\/wp-content\/uploads\/2020\/02\/Sponsoren.JPG-1030x773.png 1030w, http:\/\/www.gs-atter.de.maschinenhalle.eu\/wp-content\/uploads\/2020\/02\/Sponsoren.JPG-300x225.png 300w, http:\/\/www.gs-atter.de.maschinenhalle.eu\/wp-content\/uploads\/2020\/02\/Sponsoren.JPG-768x576.png 768w, http:\/\/www.gs-atter.de.maschinenhalle.eu\/wp-content\/uploads\/2020\/02\/Sponsoren.JPG.png 1632w\" sizes=\"(max-width: 640px) 100vw, 640px\" \/>\u00a0<\/strong><\/p>\n","protected":false},"excerpt":{"rendered":"<p>Dank der finanziellen Unterst\u00fctzung folgender Firmen, konnten wir neue Sportger\u00e4te anschaffen. Wir sagen im Namen unserer Kinder vielen Dank an die Fritz Rudolf K\u00fcnker GmbH&amp;Co Kg \u00a0\u00a0 ++++ \u00a0\u00a0 Rolf Lasertechnik GmbH&amp;Co \u00a0\u00a0 ++++ \u00a0\u00a0 KgMeyFra Wartung GmbH ++++ \u00a0 Bauking GmbH \u00a0 ++++ \u00a0 \u00a0 Science to Business GmbH\u00a0<\/p>\n","protected":false},"author":1,"featured_media":0,"parent":0,"menu_order":0,"comment_status":"closed","ping_status":"closed","template":"","meta":[],"_links":{"self":[{"href":"http:\/\/www.gs-atter.de.maschinenhalle.eu\/index.php?rest_route=\/wp\/v2\/pages\/12053"}],"collection":[{"href":"http:\/\/www.gs-atter.de.maschinenhalle.eu\/index.php?rest_route=\/wp\/v2\/pages"}],"about":[{"href":"http:\/\/www.gs-atter.de.maschinenhalle.eu\/index.php?rest_route=\/wp\/v2\/types\/page"}],"author":[{"embeddable":true,"href":"http:\/\/www.gs-atter.de.maschinenhalle.eu\/index.php?rest_route=\/wp\/v2\/users\/1"}],"replies":[{"embeddable":true,"href":"http:\/\/www.gs-atter.de.maschinenhalle.eu\/index.php?rest_route=%2Fwp%2Fv2%2Fcomments&post=12053"}],"version-history":[{"count":11,"href":"http:\/\/www.gs-atter.de.maschinenhalle.eu\/index.php?rest_route=\/wp\/v2\/pages\/12053\/revisions"}],"predecessor-version":[{"id":12066,"href":"http:\/\/www.gs-atter.de.maschinenhalle.eu\/index.php?rest_route=\/wp\/v2\/pages\/12053\/revisions\/12066"}],"wp:attachment":[{"href":"http:\/\/www.gs-atter.de.maschinenhalle.eu\/index.php?rest_route=%2Fwp%2Fv2%2Fmedia&parent=12053"}],"curies":[{"name":"wp","href":"https:\/\/api.w.org\/{rel}","templated":true}]}}