{"id":12563,"date":"2020-12-09T21:16:03","date_gmt":"2020-12-09T19:16:03","guid":{"rendered":"http:\/\/www.gs-atter.de.maschinenhalle.eu\/?page_id=12563"},"modified":"2021-09-11T18:19:01","modified_gmt":"2021-09-11T16:19:01","slug":"schulwechsel","status":"publish","type":"page","link":"http:\/\/www.gs-atter.de.maschinenhalle.eu\/?page_id=12563","title":{"rendered":"Schulwechsel"},"content":{"rendered":"\n<p><\/p>\n\n\n\n<p>Im 4. Schuljahr beraten wir alle Eltern intensiv, damit alle die richtige Schule f\u00fcr ihr Kind finden. <\/p>\n\n\n\n<ul><li>Den Auftakt zur einer Reihe von Beratungsangeboten macht eine zentrale Informationsveranstaltung an der Grundschule Eversburg. An diesem Abend werden die Schulformen Gymnasium, Oberschule und Gesamtschule vorgestellt. Man erh\u00e4lt einen \u00dcberblick \u00fcber die Osnabr\u00fccker Schullandschaft.<\/li><li>Anschlie\u00dfend finden Beratungsgespr\u00e4che durch den\/die KlassenlehrerIn im Rahmen unserer Elternsprechwoche statt.<\/li><li>Nach den Halbjahreszeugnissen erfolgt ein zweites Beratungsgespr\u00e4ch. <\/li><li>Schulanmeldung f\u00fcr die weiterf\u00fchrenden Schulen sind rund 10 Wochen vor Ende des Schuljahres, meist im Monat Mai eines Jahres.   <\/li><\/ul>\n\n\n\n<p>Mit dem Faltblatt <strong><a rel=\"noreferrer noopener\" href=\"https:\/\/www.osnabrueck.de\/fileadmin\/user_upload\/StadtOS_FaltblattSchulformen_201209_Ansicht.pdf\" target=\"_blank\">\u201eZukunft Schule \u2013 \u00dcbergang auf die weiterf\u00fchrende Schule in Osnabr\u00fcck\u201c<\/a><\/strong> soll Eltern in ihrer Entscheidung unterst\u00fctzen, die passende Schulform f\u00fcr ihre Kinder zu finden. Mit den Button oben k\u00f6nnen Sie es herunterladen.  <\/p>\n\n\n\n<div class=\"wp-container-1 wp-block-buttons\">\n<div class=\"wp-block-button\"><a class=\"wp-block-button__link has-white-color has-pale-cyan-blue-background-color has-text-color has-background\" href=\"https:\/\/www.osnabrueck.de\/fileadmin\/user_upload\/StadtOS_FaltblattSchulformen_201209_Ansicht.pdf\" target=\"_blank\" rel=\"noreferrer noopener\">Flyer &#8222;Schulformen in der Stadt Osnabr\u00fcck&#8220;<\/a><\/div>\n<\/div>\n","protected":false},"excerpt":{"rendered":"<p>Im 4. Schuljahr beraten wir alle Eltern intensiv, damit alle die richtige Schule f\u00fcr ihr Kind finden. Den Auftakt zur einer Reihe von Beratungsangeboten macht eine zentrale Informationsveranstaltung an der Grundschule Eversburg. An diesem Abend werden die Schulformen Gymnasium, Oberschule und Gesamtschule vorgestellt. Man erh\u00e4lt einen \u00dcberblick \u00fcber die Osnabr\u00fccker Schullandschaft. Anschlie\u00dfend finden Beratungsgespr\u00e4che durch &#8230; <a title=\"Schulwechsel\" class=\"read-more\" href=\"http:\/\/www.gs-atter.de.maschinenhalle.eu\/?page_id=12563\" aria-label=\"Mehr dazu unter Schulwechsel\">Weiterlesen<\/a><\/p>\n","protected":false},"author":1,"featured_media":0,"parent":0,"menu_order":0,"comment_status":"closed","ping_status":"closed","template":"","meta":[],"_links":{"self":[{"href":"http:\/\/www.gs-atter.de.maschinenhalle.eu\/index.php?rest_route=\/wp\/v2\/pages\/12563"}],"collection":[{"href":"http:\/\/www.gs-atter.de.maschinenhalle.eu\/index.php?rest_route=\/wp\/v2\/pages"}],"about":[{"href":"http:\/\/www.gs-atter.de.maschinenhalle.eu\/index.php?rest_route=\/wp\/v2\/types\/page"}],"author":[{"embeddable":true,"href":"http:\/\/www.gs-atter.de.maschinenhalle.eu\/index.php?rest_route=\/wp\/v2\/users\/1"}],"replies":[{"embeddable":true,"href":"http:\/\/www.gs-atter.de.maschinenhalle.eu\/index.php?rest_route=%2Fwp%2Fv2%2Fcomments&post=12563"}],"version-history":[{"count":5,"href":"http:\/\/www.gs-atter.de.maschinenhalle.eu\/index.php?rest_route=\/wp\/v2\/pages\/12563\/revisions"}],"predecessor-version":[{"id":12848,"href":"http:\/\/www.gs-atter.de.maschinenhalle.eu\/index.php?rest_route=\/wp\/v2\/pages\/12563\/revisions\/12848"}],"wp:attachment":[{"href":"http:\/\/www.gs-atter.de.maschinenhalle.eu\/index.php?rest_route=%2Fwp%2Fv2%2Fmedia&parent=12563"}],"curies":[{"name":"wp","href":"https:\/\/api.w.org\/{rel}","templated":true}]}}