{"id":12932,"date":"2021-10-11T17:44:01","date_gmt":"2021-10-11T15:44:01","guid":{"rendered":"http:\/\/www.gs-atter.de.maschinenhalle.eu\/?page_id=12932"},"modified":"2022-05-05T20:48:41","modified_gmt":"2022-05-05T18:48:41","slug":"schulsozialarbeit","status":"publish","type":"page","link":"http:\/\/www.gs-atter.de.maschinenhalle.eu\/?page_id=12932","title":{"rendered":"Schulsozialarbeit"},"content":{"rendered":"\n<div class=\"wp-block-image\"><figure class=\"alignleft size-large is-resized\"><img loading=\"lazy\" src=\"http:\/\/www.gs-atter.de.maschinenhalle.eu\/wp-content\/uploads\/2021\/10\/image.png\" alt=\"\" class=\"wp-image-12936\" width=\"230\" height=\"307\"\/><\/figure><\/div>\n\n\n\n<p>Ghazala El Darwich ist unsere Schulsozialarbeiterin, die allen Kindern als Zala bekannt ist.<\/p>\n\n\n\n<p>Zala hat stets ein offenes Ohr f\u00fcr die Belange der Kinder. Sie nimmt sich Zeit zum Zuh\u00f6ren und kennt gute Tipps, wenn es mal &#8222;nicht so rund l\u00e4uft&#8220; in der Schule oder in der Familie. Engagiert setzt sie sich f\u00fcr die Rechte der Kinder ein.<\/p>\n\n\n\n<p>Manchmal brauchen auch Familien kleine Hilfestellungen, um wieder ins Gleichgewicht zu kommen. Hier kennt Zala viele Anlaufstellen in Osnabr\u00fcck und kann Kontakte herstellen <\/p>\n\n\n\n<p>Grunds\u00e4tzlich ist Schulsozialarbeit ein Beratungs- und Unterst\u00fctzungsangebot f\u00fcr Sch\u00fclerinnen und Sch\u00fcler, Eltern und die Lehrerschaft in allen Belangen des schulischen Miteinanders.&nbsp; Die Prinzipien der schulischen Sozialarbeit sind Wertsch\u00e4tzung, Neutralit\u00e4t und Vertraulichkeit.<\/p>\n\n\n\n<p>Vor zwei Jahren hat Frau El Darwich eine Ausbildung zur Kinderyogalehrerin gemacht und kann so auch Gelassenheit und Entspannung im Schulalltag f\u00f6rdern.<\/p>\n\n\n\n<p>Telefonisch ist Frau El Darwich direkt unter der Telefonnummer 0541-323 818 40 in ihrem B\u00fcro zu erreichen. Sie k\u00f6nnen aber auch eine E-Mail schreiben an el-darwich@gs-atter.de.  <\/p>\n","protected":false},"excerpt":{"rendered":"<p>Ghazala El Darwich ist unsere Schulsozialarbeiterin, die allen Kindern als Zala bekannt ist. Zala hat stets ein offenes Ohr f\u00fcr die Belange der Kinder. Sie nimmt sich Zeit zum Zuh\u00f6ren und kennt gute Tipps, wenn es mal &#8222;nicht so rund l\u00e4uft&#8220; in der Schule oder in der Familie. Engagiert setzt sie sich f\u00fcr die Rechte &#8230; <a title=\"Schulsozialarbeit\" class=\"read-more\" href=\"http:\/\/www.gs-atter.de.maschinenhalle.eu\/?page_id=12932\" aria-label=\"Mehr dazu unter Schulsozialarbeit\">Weiterlesen<\/a><\/p>\n","protected":false},"author":1,"featured_media":0,"parent":0,"menu_order":0,"comment_status":"closed","ping_status":"closed","template":"","meta":[],"_links":{"self":[{"href":"http:\/\/www.gs-atter.de.maschinenhalle.eu\/index.php?rest_route=\/wp\/v2\/pages\/12932"}],"collection":[{"href":"http:\/\/www.gs-atter.de.maschinenhalle.eu\/index.php?rest_route=\/wp\/v2\/pages"}],"about":[{"href":"http:\/\/www.gs-atter.de.maschinenhalle.eu\/index.php?rest_route=\/wp\/v2\/types\/page"}],"author":[{"embeddable":true,"href":"http:\/\/www.gs-atter.de.maschinenhalle.eu\/index.php?rest_route=\/wp\/v2\/users\/1"}],"replies":[{"embeddable":true,"href":"http:\/\/www.gs-atter.de.maschinenhalle.eu\/index.php?rest_route=%2Fwp%2Fv2%2Fcomments&post=12932"}],"version-history":[{"count":3,"href":"http:\/\/www.gs-atter.de.maschinenhalle.eu\/index.php?rest_route=\/wp\/v2\/pages\/12932\/revisions"}],"predecessor-version":[{"id":13195,"href":"http:\/\/www.gs-atter.de.maschinenhalle.eu\/index.php?rest_route=\/wp\/v2\/pages\/12932\/revisions\/13195"}],"wp:attachment":[{"href":"http:\/\/www.gs-atter.de.maschinenhalle.eu\/index.php?rest_route=%2Fwp%2Fv2%2Fmedia&parent=12932"}],"curies":[{"name":"wp","href":"https:\/\/api.w.org\/{rel}","templated":true}]}}