{"id":12956,"date":"2021-10-31T12:30:12","date_gmt":"2021-10-31T10:30:12","guid":{"rendered":"http:\/\/www.gs-atter.de.maschinenhalle.eu\/?page_id=12956"},"modified":"2022-05-12T20:16:47","modified_gmt":"2022-05-12T18:16:47","slug":"qualitaetsprogramm-atter-lernt-schwimmen","status":"publish","type":"page","link":"http:\/\/www.gs-atter.de.maschinenhalle.eu\/?page_id=12956","title":{"rendered":"&#8222;Atter lernt Schwimmen&#8220;"},"content":{"rendered":"\n<div class=\"wp-container-2 wp-block-group alignwide\"><div class=\"wp-block-group__inner-container\">\n<div class=\"wp-block-media-text alignwide is-stacked-on-mobile\" style=\"grid-template-columns:38% auto\"><figure class=\"wp-block-media-text__media\"><img loading=\"lazy\" width=\"300\" height=\"300\" src=\"http:\/\/www.gs-atter.de.maschinenhalle.eu\/wp-content\/uploads\/2021\/10\/schwimmen-1.png\" alt=\"\" class=\"wp-image-12961\" srcset=\"http:\/\/www.gs-atter.de.maschinenhalle.eu\/wp-content\/uploads\/2021\/10\/schwimmen-1.png 300w, http:\/\/www.gs-atter.de.maschinenhalle.eu\/wp-content\/uploads\/2021\/10\/schwimmen-1-80x80.png 80w, http:\/\/www.gs-atter.de.maschinenhalle.eu\/wp-content\/uploads\/2021\/10\/schwimmen-1-144x144.png 144w\" sizes=\"(max-width: 300px) 100vw, 300px\" \/><\/figure><div class=\"wp-block-media-text__content\">\n<div class=\"wp-container-1 wp-block-group\"><div class=\"wp-block-group__inner-container\">\n<p>Der Schwimmf\u00e4higkeit unserer Sch\u00fclerinnen und Sch\u00fcler wird an der Grundschule Atter eine hohe Bedeutung beigemessen. Die F\u00e4higkeit Schwimmen zu k\u00f6nnen kann lebensrettend sein. Unter Coronabedingungen waren viele Schwimmb\u00e4der geschlossen und Familien fehlten die M\u00f6glichkeiten das Schwimmen zu \u00fcben.<\/p>\n\n\n\n<p>Entsprechend haben wir zum Schuljahr 2021\/21 das Programm &#8222;Atter lernt schwimmen&#8220; entwickelt.  <\/p>\n<\/div><\/div>\n<\/div><\/div>\n<\/div><\/div>\n\n\n\n<p>Ab sofort gehen die Klassen 3 und die Klassen 4 jeweils ein halbes Jahr ins Nettebad. <strong>Innerhalb der Grundschulzeit hat so jede Klasse ein ganzes Jahr lang die M\u00f6glichkeit an einem kostenfreiem Schwimmkurz teilzunehmen.<\/strong> Kinder sollen m\u00f6glichst fr\u00fch die M\u00f6glichkeit erhalten das Schwimmen mit Freude und angstfrei zu erlernen. Der Kurs ist in Niveaugruppen aufgeteilt und kn\u00fcpft an die Vorfertigkeiten der einzelnen Kinder an.<\/p>\n\n\n\n<p>Das Land Niedersachsen hat entsprechend einen Schulschwimmpass entwickelt. Vier Niveaustufen werden in dem Pass, in dem die F\u00e4higkeiten der Kinder dokumentiert werden. dargestellt:&nbsp;Wassergew\u00f6hnung,&nbsp;Grundfertigkeiten&nbsp;(Atmen, Tauchen, Springen, Drehen, Rollen, Gleiten, Fortbewegen),&nbsp;Basisstufe&nbsp;Schwimmen,&nbsp;Sicher Schwimmen.&nbsp;<\/p>\n\n\n\n<p>In diesem Sinne verbessern wir die Qualit\u00e4t unserer Schule im Bereich Sport deutlich.<\/p>\n","protected":false},"excerpt":{"rendered":"<p>Der Schwimmf\u00e4higkeit unserer Sch\u00fclerinnen und Sch\u00fcler wird an der Grundschule Atter eine hohe Bedeutung beigemessen. Die F\u00e4higkeit Schwimmen zu k\u00f6nnen kann lebensrettend sein. Unter Coronabedingungen waren viele Schwimmb\u00e4der geschlossen und Familien fehlten die M\u00f6glichkeiten das Schwimmen zu \u00fcben. Entsprechend haben wir zum Schuljahr 2021\/21 das Programm &#8222;Atter lernt schwimmen&#8220; entwickelt. Ab sofort gehen die Klassen &#8230; <a title=\"&#8222;Atter lernt Schwimmen&#8220;\" class=\"read-more\" href=\"http:\/\/www.gs-atter.de.maschinenhalle.eu\/?page_id=12956\" aria-label=\"Mehr dazu unter &#8222;Atter lernt Schwimmen&#8220;\">Weiterlesen<\/a><\/p>\n","protected":false},"author":1,"featured_media":0,"parent":0,"menu_order":0,"comment_status":"closed","ping_status":"closed","template":"","meta":[],"_links":{"self":[{"href":"http:\/\/www.gs-atter.de.maschinenhalle.eu\/index.php?rest_route=\/wp\/v2\/pages\/12956"}],"collection":[{"href":"http:\/\/www.gs-atter.de.maschinenhalle.eu\/index.php?rest_route=\/wp\/v2\/pages"}],"about":[{"href":"http:\/\/www.gs-atter.de.maschinenhalle.eu\/index.php?rest_route=\/wp\/v2\/types\/page"}],"author":[{"embeddable":true,"href":"http:\/\/www.gs-atter.de.maschinenhalle.eu\/index.php?rest_route=\/wp\/v2\/users\/1"}],"replies":[{"embeddable":true,"href":"http:\/\/www.gs-atter.de.maschinenhalle.eu\/index.php?rest_route=%2Fwp%2Fv2%2Fcomments&post=12956"}],"version-history":[{"count":7,"href":"http:\/\/www.gs-atter.de.maschinenhalle.eu\/index.php?rest_route=\/wp\/v2\/pages\/12956\/revisions"}],"predecessor-version":[{"id":13202,"href":"http:\/\/www.gs-atter.de.maschinenhalle.eu\/index.php?rest_route=\/wp\/v2\/pages\/12956\/revisions\/13202"}],"wp:attachment":[{"href":"http:\/\/www.gs-atter.de.maschinenhalle.eu\/index.php?rest_route=%2Fwp%2Fv2%2Fmedia&parent=12956"}],"curies":[{"name":"wp","href":"https:\/\/api.w.org\/{rel}","templated":true}]}}