{"id":13719,"date":"2023-04-21T19:58:28","date_gmt":"2023-04-21T17:58:28","guid":{"rendered":"http:\/\/www.gs-atter.de.maschinenhalle.eu\/?page_id=13719"},"modified":"2025-11-28T10:32:36","modified_gmt":"2025-11-28T08:32:36","slug":"einschulung-2023","status":"publish","type":"page","link":"http:\/\/www.gs-atter.de.maschinenhalle.eu\/?page_id=13719","title":{"rendered":"Einschulung 2026"},"content":{"rendered":"\n<figure class=\"wp-block-image size-large\"><a href=\"http:\/\/www.gs-atter.de.maschinenhalle.eu\/wp-content\/uploads\/2025\/04\/Uebergangsprojekte_2025.pdf\"><img loading=\"lazy\" width=\"1030\" height=\"579\" src=\"http:\/\/www.gs-atter.de.maschinenhalle.eu\/wp-content\/uploads\/2025\/11\/Einschulung26-1030x579.png\" alt=\"\" class=\"wp-image-14985\" srcset=\"http:\/\/www.gs-atter.de.maschinenhalle.eu\/wp-content\/uploads\/2025\/11\/Einschulung26-1030x579.png 1030w, http:\/\/www.gs-atter.de.maschinenhalle.eu\/wp-content\/uploads\/2025\/11\/Einschulung26-300x169.png 300w, http:\/\/www.gs-atter.de.maschinenhalle.eu\/wp-content\/uploads\/2025\/11\/Einschulung26-768x432.png 768w, http:\/\/www.gs-atter.de.maschinenhalle.eu\/wp-content\/uploads\/2025\/11\/Einschulung26.png 1452w\" sizes=\"(max-width: 1030px) 100vw, 1030px\" \/><\/a><figcaption>Pr\u00e4sentation anklicken  zum Herunterladen<\/figcaption><\/figure>\n\n\n\n<p>Die Einschulung eines Kindes ist eine spannende und anstrengende Zeit f\u00fcr alle Familien. Viele Dinge m\u00fcssen organisiert und erledigt werden: Stifte, Hefte, B\u00fccher und vieles mehr muss gekauft und beschriftet werden. Der Ranzenkauf steht an. Und schlie\u00dflich muss die Einschulungsfeier geplant und organisiert werden.  <\/p>\n\n\n\n<p>Auch die Kinder werden etwas nerv\u00f6s. Bedeutet die Einschulung f\u00fcr alle Kinder doch ein gro\u00dfer Schritt ins Schulleben. Um den Kindern eine erstes Kennenlernen der Schule zu erm\u00f6glichen bieten wir &#8222;\u00dcbergangsprojekte&#8220; an, an denen die Kinder auf freiwilliger Basis teilnehmen k\u00f6nnen. So kennen die Kinder sich bereits vor Schulbeginn im Geb\u00e4ude aus und haben meist auch schon ein &#8222;Bild&#8220; vom Lehrer oder der Lehrerin. <\/p>\n\n\n\n<div class=\"wp-block-file\"><object class=\"wp-block-file__embed\" data=\"http:\/\/www.gs-atter.de.maschinenhalle.eu\/wp-content\/uploads\/2025\/11\/Uebergangsprojekte_2026.pdf\" type=\"application\/pdf\" style=\"width:100%;height:600px\" aria-label=\"Einbettung von Uebergangsprojekte_2026.\"><\/object><a id=\"wp-block-file--media-cf8255c6-45ac-4d61-9461-3da887cb8026\" href=\"http:\/\/www.gs-atter.de.maschinenhalle.eu\/wp-content\/uploads\/2025\/11\/Uebergangsprojekte_2026.pdf\">Uebergangsprojekte_2026<\/a><a href=\"http:\/\/www.gs-atter.de.maschinenhalle.eu\/wp-content\/uploads\/2025\/11\/Uebergangsprojekte_2026.pdf\" class=\"wp-block-file__button\" download aria-describedby=\"wp-block-file--media-cf8255c6-45ac-4d61-9461-3da887cb8026\">Herunterladen<\/a><\/div>\n","protected":false},"excerpt":{"rendered":"<p>Die Einschulung eines Kindes ist eine spannende und anstrengende Zeit f\u00fcr alle Familien. Viele Dinge m\u00fcssen organisiert und erledigt werden: Stifte, Hefte, B\u00fccher und vieles mehr muss gekauft und beschriftet werden. Der Ranzenkauf steht an. Und schlie\u00dflich muss die Einschulungsfeier geplant und organisiert werden. Auch die Kinder werden etwas nerv\u00f6s. Bedeutet die Einschulung f\u00fcr alle &#8230; <a title=\"Einschulung 2026\" class=\"read-more\" href=\"http:\/\/www.gs-atter.de.maschinenhalle.eu\/?page_id=13719\" aria-label=\"Mehr dazu unter Einschulung 2026\">Weiterlesen<\/a><\/p>\n","protected":false},"author":1,"featured_media":0,"parent":0,"menu_order":0,"comment_status":"closed","ping_status":"closed","template":"","meta":[],"_links":{"self":[{"href":"http:\/\/www.gs-atter.de.maschinenhalle.eu\/index.php?rest_route=\/wp\/v2\/pages\/13719"}],"collection":[{"href":"http:\/\/www.gs-atter.de.maschinenhalle.eu\/index.php?rest_route=\/wp\/v2\/pages"}],"about":[{"href":"http:\/\/www.gs-atter.de.maschinenhalle.eu\/index.php?rest_route=\/wp\/v2\/types\/page"}],"author":[{"embeddable":true,"href":"http:\/\/www.gs-atter.de.maschinenhalle.eu\/index.php?rest_route=\/wp\/v2\/users\/1"}],"replies":[{"embeddable":true,"href":"http:\/\/www.gs-atter.de.maschinenhalle.eu\/index.php?rest_route=%2Fwp%2Fv2%2Fcomments&post=13719"}],"version-history":[{"count":5,"href":"http:\/\/www.gs-atter.de.maschinenhalle.eu\/index.php?rest_route=\/wp\/v2\/pages\/13719\/revisions"}],"predecessor-version":[{"id":14989,"href":"http:\/\/www.gs-atter.de.maschinenhalle.eu\/index.php?rest_route=\/wp\/v2\/pages\/13719\/revisions\/14989"}],"wp:attachment":[{"href":"http:\/\/www.gs-atter.de.maschinenhalle.eu\/index.php?rest_route=%2Fwp%2Fv2%2Fmedia&parent=13719"}],"curies":[{"name":"wp","href":"https:\/\/api.w.org\/{rel}","templated":true}]}}