{"id":14143,"date":"2024-01-29T23:03:03","date_gmt":"2024-01-29T21:03:03","guid":{"rendered":"http:\/\/www.gs-atter.de.maschinenhalle.eu\/?page_id=14143"},"modified":"2024-11-28T08:20:15","modified_gmt":"2024-11-28T06:20:15","slug":"chinesisch","status":"publish","type":"page","link":"http:\/\/www.gs-atter.de.maschinenhalle.eu\/?page_id=14143","title":{"rendered":"Chinesisch"},"content":{"rendered":"\n<p>Frau Cheng ist &#8222;nativ-speaker&#8220; und kann viel aus China berichten. Sie leitet die AG seit letztem Jahr. In ihrer Chinesisch-AG lernen die Kinder erste W\u00f6rter zu sprechen und Schriftzeichen zu schreiben. Mit Qigong ist auch das Energieauftanken kein Problem mehr. Nat\u00fcrlich wird auch in der Schulk\u00fcche chinesisch gekocht: Fr\u00fchlingsrollen oder gebratene Nudeln sind besonders beliebt bei den Kindern. <\/p>\n\n\n\n<figure class=\"wp-container-2 wp-block-gallery-1 wp-block-gallery has-nested-images columns-default is-cropped\">\n<figure class=\"wp-block-image size-large\"><img loading=\"lazy\" width=\"1030\" height=\"773\" data-id=\"14600\"  src=\"http:\/\/www.gs-atter.de.maschinenhalle.eu\/wp-content\/uploads\/2024\/11\/IMG_20241112_141038-2-1030x773.jpeg\" alt=\"\" class=\"wp-image-14600\" srcset=\"http:\/\/www.gs-atter.de.maschinenhalle.eu\/wp-content\/uploads\/2024\/11\/IMG_20241112_141038-2-1030x773.jpeg 1030w, http:\/\/www.gs-atter.de.maschinenhalle.eu\/wp-content\/uploads\/2024\/11\/IMG_20241112_141038-2-300x225.jpeg 300w, http:\/\/www.gs-atter.de.maschinenhalle.eu\/wp-content\/uploads\/2024\/11\/IMG_20241112_141038-2-768x576.jpeg 768w, http:\/\/www.gs-atter.de.maschinenhalle.eu\/wp-content\/uploads\/2024\/11\/IMG_20241112_141038-2-1536x1152.jpeg 1536w, http:\/\/www.gs-atter.de.maschinenhalle.eu\/wp-content\/uploads\/2024\/11\/IMG_20241112_141038-2-2048x1536.jpeg 2048w\" sizes=\"(max-width: 1030px) 100vw, 1030px\" \/><figcaption>rbt<\/figcaption><\/figure>\n\n\n\n<figure class=\"wp-block-image size-large\"><img loading=\"lazy\" width=\"773\" height=\"1030\" data-id=\"14601\"  src=\"http:\/\/www.gs-atter.de.maschinenhalle.eu\/wp-content\/uploads\/2024\/11\/IMG_20241112_142754-2-773x1030.jpeg\" alt=\"\" class=\"wp-image-14601\" srcset=\"http:\/\/www.gs-atter.de.maschinenhalle.eu\/wp-content\/uploads\/2024\/11\/IMG_20241112_142754-2-773x1030.jpeg 773w, http:\/\/www.gs-atter.de.maschinenhalle.eu\/wp-content\/uploads\/2024\/11\/IMG_20241112_142754-2-225x300.jpeg 225w, http:\/\/www.gs-atter.de.maschinenhalle.eu\/wp-content\/uploads\/2024\/11\/IMG_20241112_142754-2-768x1024.jpeg 768w, http:\/\/www.gs-atter.de.maschinenhalle.eu\/wp-content\/uploads\/2024\/11\/IMG_20241112_142754-2-1152x1536.jpeg 1152w, http:\/\/www.gs-atter.de.maschinenhalle.eu\/wp-content\/uploads\/2024\/11\/IMG_20241112_142754-2-1536x2048.jpeg 1536w, http:\/\/www.gs-atter.de.maschinenhalle.eu\/wp-content\/uploads\/2024\/11\/IMG_20241112_142754-2-scaled.jpeg 1920w\" sizes=\"(max-width: 773px) 100vw, 773px\" \/><\/figure>\n<\/figure>\n","protected":false},"excerpt":{"rendered":"<p>Frau Cheng ist &#8222;nativ-speaker&#8220; und kann viel aus China berichten. Sie leitet die AG seit letztem Jahr. In ihrer Chinesisch-AG lernen die Kinder erste W\u00f6rter zu sprechen und Schriftzeichen zu schreiben. Mit Qigong ist auch das Energieauftanken kein Problem mehr. Nat\u00fcrlich wird auch in der Schulk\u00fcche chinesisch gekocht: Fr\u00fchlingsrollen oder gebratene Nudeln sind besonders beliebt &#8230; <a title=\"Chinesisch\" class=\"read-more\" href=\"http:\/\/www.gs-atter.de.maschinenhalle.eu\/?page_id=14143\" aria-label=\"Mehr dazu unter Chinesisch\">Weiterlesen<\/a><\/p>\n","protected":false},"author":1,"featured_media":0,"parent":0,"menu_order":0,"comment_status":"closed","ping_status":"closed","template":"","meta":[],"_links":{"self":[{"href":"http:\/\/www.gs-atter.de.maschinenhalle.eu\/index.php?rest_route=\/wp\/v2\/pages\/14143"}],"collection":[{"href":"http:\/\/www.gs-atter.de.maschinenhalle.eu\/index.php?rest_route=\/wp\/v2\/pages"}],"about":[{"href":"http:\/\/www.gs-atter.de.maschinenhalle.eu\/index.php?rest_route=\/wp\/v2\/types\/page"}],"author":[{"embeddable":true,"href":"http:\/\/www.gs-atter.de.maschinenhalle.eu\/index.php?rest_route=\/wp\/v2\/users\/1"}],"replies":[{"embeddable":true,"href":"http:\/\/www.gs-atter.de.maschinenhalle.eu\/index.php?rest_route=%2Fwp%2Fv2%2Fcomments&post=14143"}],"version-history":[{"count":3,"href":"http:\/\/www.gs-atter.de.maschinenhalle.eu\/index.php?rest_route=\/wp\/v2\/pages\/14143\/revisions"}],"predecessor-version":[{"id":14602,"href":"http:\/\/www.gs-atter.de.maschinenhalle.eu\/index.php?rest_route=\/wp\/v2\/pages\/14143\/revisions\/14602"}],"wp:attachment":[{"href":"http:\/\/www.gs-atter.de.maschinenhalle.eu\/index.php?rest_route=%2Fwp%2Fv2%2Fmedia&parent=14143"}],"curies":[{"name":"wp","href":"https:\/\/api.w.org\/{rel}","templated":true}]}}