{"id":14146,"date":"2024-01-29T23:03:33","date_gmt":"2024-01-29T21:03:33","guid":{"rendered":"http:\/\/www.gs-atter.de.maschinenhalle.eu\/?page_id=14146"},"modified":"2024-04-19T15:21:58","modified_gmt":"2024-04-19T13:21:58","slug":"wald-und-wiese","status":"publish","type":"page","link":"http:\/\/www.gs-atter.de.maschinenhalle.eu\/?page_id=14146","title":{"rendered":"Wald und Wiese"},"content":{"rendered":"\n<p>Bei (fast) jedem Wetter geht es raus in die Natur! Die Kinder erkunden mit allen Sinnen die Umgebung der Grundschule Atter. Mal wird es lauter und alle bauen einen Parkour oder machen eine Schnitzeljagd durch den Wald. Mal wird es leiser und alle gehen barfu\u00df oder mit geschlossenen Augen durch den Wald; ertasten oder erlauschen die Umgebung. Mit gefundenen Waldsch\u00e4tzen k\u00f6nnen wir in der Schule oder im Wald basteln und bauen. <\/p>\n\n\n\n<figure class=\"wp-block-image size-large\"><img loading=\"lazy\" width=\"1030\" height=\"1030\" src=\"http:\/\/www.gs-atter.de.maschinenhalle.eu\/wp-content\/uploads\/2024\/04\/IMG_4573-1030x1030.jpeg\" alt=\"\" class=\"wp-image-14258\" srcset=\"http:\/\/www.gs-atter.de.maschinenhalle.eu\/wp-content\/uploads\/2024\/04\/IMG_4573-1030x1030.jpeg 1030w, http:\/\/www.gs-atter.de.maschinenhalle.eu\/wp-content\/uploads\/2024\/04\/IMG_4573-300x300.jpeg 300w, http:\/\/www.gs-atter.de.maschinenhalle.eu\/wp-content\/uploads\/2024\/04\/IMG_4573-80x80.jpeg 80w, http:\/\/www.gs-atter.de.maschinenhalle.eu\/wp-content\/uploads\/2024\/04\/IMG_4573-768x768.jpeg 768w, http:\/\/www.gs-atter.de.maschinenhalle.eu\/wp-content\/uploads\/2024\/04\/IMG_4573-1536x1536.jpeg 1536w, http:\/\/www.gs-atter.de.maschinenhalle.eu\/wp-content\/uploads\/2024\/04\/IMG_4573-2048x2048.jpeg 2048w\" sizes=\"(max-width: 1030px) 100vw, 1030px\" \/><\/figure>\n","protected":false},"excerpt":{"rendered":"<p>Bei (fast) jedem Wetter geht es raus in die Natur! Die Kinder erkunden mit allen Sinnen die Umgebung der Grundschule Atter. Mal wird es lauter und alle bauen einen Parkour oder machen eine Schnitzeljagd durch den Wald. Mal wird es leiser und alle gehen barfu\u00df oder mit geschlossenen Augen durch den Wald; ertasten oder erlauschen &#8230; <a title=\"Wald und Wiese\" class=\"read-more\" href=\"http:\/\/www.gs-atter.de.maschinenhalle.eu\/?page_id=14146\" aria-label=\"Mehr dazu unter Wald und Wiese\">Weiterlesen<\/a><\/p>\n","protected":false},"author":1,"featured_media":0,"parent":0,"menu_order":0,"comment_status":"closed","ping_status":"closed","template":"","meta":[],"_links":{"self":[{"href":"http:\/\/www.gs-atter.de.maschinenhalle.eu\/index.php?rest_route=\/wp\/v2\/pages\/14146"}],"collection":[{"href":"http:\/\/www.gs-atter.de.maschinenhalle.eu\/index.php?rest_route=\/wp\/v2\/pages"}],"about":[{"href":"http:\/\/www.gs-atter.de.maschinenhalle.eu\/index.php?rest_route=\/wp\/v2\/types\/page"}],"author":[{"embeddable":true,"href":"http:\/\/www.gs-atter.de.maschinenhalle.eu\/index.php?rest_route=\/wp\/v2\/users\/1"}],"replies":[{"embeddable":true,"href":"http:\/\/www.gs-atter.de.maschinenhalle.eu\/index.php?rest_route=%2Fwp%2Fv2%2Fcomments&post=14146"}],"version-history":[{"count":5,"href":"http:\/\/www.gs-atter.de.maschinenhalle.eu\/index.php?rest_route=\/wp\/v2\/pages\/14146\/revisions"}],"predecessor-version":[{"id":14259,"href":"http:\/\/www.gs-atter.de.maschinenhalle.eu\/index.php?rest_route=\/wp\/v2\/pages\/14146\/revisions\/14259"}],"wp:attachment":[{"href":"http:\/\/www.gs-atter.de.maschinenhalle.eu\/index.php?rest_route=%2Fwp%2Fv2%2Fmedia&parent=14146"}],"curies":[{"name":"wp","href":"https:\/\/api.w.org\/{rel}","templated":true}]}}