{"id":14152,"date":"2024-01-29T23:04:31","date_gmt":"2024-01-29T21:04:31","guid":{"rendered":"http:\/\/www.gs-atter.de.maschinenhalle.eu\/?page_id=14152"},"modified":"2024-02-18T21:00:28","modified_gmt":"2024-02-18T19:00:28","slug":"buecherei-ag","status":"publish","type":"page","link":"http:\/\/www.gs-atter.de.maschinenhalle.eu\/?page_id=14152","title":{"rendered":"B\u00fccherei-AG"},"content":{"rendered":"\n<p>In dieser AG werden die Kinder in die fantastische Welt der B\u00fccher entf\u00fchrt. Beim Vorlesen kann man wunderbar entspannen. Anschlie\u00dfend k\u00f6nnen die Kinder sich in unserer gro\u00dfen Schulb\u00fccherei B\u00fccher ausleihen und an einem kuscheligem Platz lesen. Wunderbar entspannend!<\/p>\n","protected":false},"excerpt":{"rendered":"<p>In dieser AG werden die Kinder in die fantastische Welt der B\u00fccher entf\u00fchrt. Beim Vorlesen kann man wunderbar entspannen. Anschlie\u00dfend k\u00f6nnen die Kinder sich in unserer gro\u00dfen Schulb\u00fccherei B\u00fccher ausleihen und an einem kuscheligem Platz lesen. Wunderbar entspannend!<\/p>\n","protected":false},"author":1,"featured_media":0,"parent":0,"menu_order":0,"comment_status":"closed","ping_status":"closed","template":"","meta":[],"_links":{"self":[{"href":"http:\/\/www.gs-atter.de.maschinenhalle.eu\/index.php?rest_route=\/wp\/v2\/pages\/14152"}],"collection":[{"href":"http:\/\/www.gs-atter.de.maschinenhalle.eu\/index.php?rest_route=\/wp\/v2\/pages"}],"about":[{"href":"http:\/\/www.gs-atter.de.maschinenhalle.eu\/index.php?rest_route=\/wp\/v2\/types\/page"}],"author":[{"embeddable":true,"href":"http:\/\/www.gs-atter.de.maschinenhalle.eu\/index.php?rest_route=\/wp\/v2\/users\/1"}],"replies":[{"embeddable":true,"href":"http:\/\/www.gs-atter.de.maschinenhalle.eu\/index.php?rest_route=%2Fwp%2Fv2%2Fcomments&post=14152"}],"version-history":[{"count":2,"href":"http:\/\/www.gs-atter.de.maschinenhalle.eu\/index.php?rest_route=\/wp\/v2\/pages\/14152\/revisions"}],"predecessor-version":[{"id":14194,"href":"http:\/\/www.gs-atter.de.maschinenhalle.eu\/index.php?rest_route=\/wp\/v2\/pages\/14152\/revisions\/14194"}],"wp:attachment":[{"href":"http:\/\/www.gs-atter.de.maschinenhalle.eu\/index.php?rest_route=%2Fwp%2Fv2%2Fmedia&parent=14152"}],"curies":[{"name":"wp","href":"https:\/\/api.w.org\/{rel}","templated":true}]}}