{"id":14870,"date":"2025-07-13T13:46:26","date_gmt":"2025-07-13T11:46:26","guid":{"rendered":"http:\/\/www.gs-atter.de.maschinenhalle.eu\/?page_id=14870"},"modified":"2025-08-08T19:02:50","modified_gmt":"2025-08-08T17:02:50","slug":"buecher-und-materialien-2025-26","status":"publish","type":"page","link":"http:\/\/www.gs-atter.de.maschinenhalle.eu\/?page_id=14870","title":{"rendered":"B\u00fccher und Materialien 2025\/26"},"content":{"rendered":"\n<figure class=\"wp-block-table\"><table><tbody><tr><td>Klasse 1<\/td><td><a href=\"http:\/\/www.gs-atter.de.maschinenhalle.eu\/wp-content\/uploads\/2025\/07\/2025_26_Materialliste-Klasse-1-1.pdf\" data-type=\"URL\" data-id=\"http:\/\/www.gs-atter.de.maschinenhalle.eu\/wp-content\/uploads\/2025\/07\/2025_26_Materialliste-Klasse-1-1.pdf\" target=\"_blank\" rel=\"noreferrer noopener\">Materialliste 1<\/a><\/td><td><a href=\"http:\/\/www.gs-atter.de.maschinenhalle.eu\/wp-content\/uploads\/2025\/07\/2025_26_Lernmittelkauf-Klasse-1.pdf\">B\u00fccherkauf 1<\/a><\/td><td><a href=\"http:\/\/www.gs-atter.de.maschinenhalle.eu\/wp-content\/uploads\/2025\/07\/2025_06_11_Lernmittelausleihe_Klasse_1.pdf\">B\u00fccherausleihe 1<\/a><\/td><td><a href=\"http:\/\/www.gs-atter.de.maschinenhalle.eu\/wp-content\/uploads\/2025\/07\/Kopier-und-Materialgeld-fuer-das-Schuljahr-2025-26.pdf\">Materialgeld 1<\/a><\/td><\/tr><tr><td>Klasse 2<\/td><td><a href=\"http:\/\/www.gs-atter.de.maschinenhalle.eu\/wp-content\/uploads\/2025\/07\/2025_26_Materialliste-Klasse-2.pdf\">Materialliste 2<\/a><\/td><td><a href=\"http:\/\/www.gs-atter.de.maschinenhalle.eu\/wp-content\/uploads\/2025\/08\/2025_26_Lernmittelkauf-Klasse-2.pdf\">B\u00fccherkauf 2<\/a><\/td><td><a href=\"http:\/\/www.gs-atter.de.maschinenhalle.eu\/wp-content\/uploads\/2025\/07\/2025_06_11_Lernmittelausleihe_Klasse_2.pdf\">B\u00fccherausleihe 2<\/a><\/td><td><a href=\"http:\/\/www.gs-atter.de.maschinenhalle.eu\/wp-content\/uploads\/2025\/07\/Kopier-und-Materialgeld-fuer-das-Schuljahr-2025-26.pdf\">Materialgeld 2<\/a><\/td><\/tr><tr><td>Klasse 3<\/td><td><a href=\"http:\/\/www.gs-atter.de.maschinenhalle.eu\/wp-content\/uploads\/2025\/07\/2025_26_Materialliste-Klasse-3.pdf\">Materialliste 3<\/a><\/td><td><a href=\"http:\/\/www.gs-atter.de.maschinenhalle.eu\/wp-content\/uploads\/2025\/07\/2025_26_Lernmittelkauf-Klasse-3.pdf\">B\u00fccherkauf 3<\/a><\/td><td><a href=\"http:\/\/www.gs-atter.de.maschinenhalle.eu\/wp-content\/uploads\/2025\/07\/2025_06_11_Lernmittelausleihe_Klasse_3.pdf\">B\u00fccherausleihe 3<\/a><\/td><td><a href=\"http:\/\/www.gs-atter.de.maschinenhalle.eu\/wp-content\/uploads\/2025\/07\/Kopier-und-Materialgeld-fuer-das-Schuljahr-2025-26.pdf\">Materialgeld 3<\/a><\/td><\/tr><tr><td>Klasse 4<\/td><td><a href=\"http:\/\/www.gs-atter.de.maschinenhalle.eu\/wp-content\/uploads\/2025\/07\/2025_26_Materialliste-Klasse-4.pdf\">Materialliste 4<\/a><\/td><td><a href=\"http:\/\/www.gs-atter.de.maschinenhalle.eu\/wp-content\/uploads\/2025\/07\/2025_26_Lernmittelkauf-Klasse-4.pdf\">B\u00fccherkauf 4<\/a><\/td><td><\/td><td><a href=\"http:\/\/www.gs-atter.de.maschinenhalle.eu\/wp-content\/uploads\/2025\/07\/Kopier-und-Materialgeld-fuer-das-Schuljahr-2025-26.pdf\">Materialgeld 4<\/a><\/td><\/tr><\/tbody><\/table><\/figure>\n","protected":false},"excerpt":{"rendered":"<p>Klasse 1 Materialliste 1 B\u00fccherkauf 1 B\u00fccherausleihe 1 Materialgeld 1 Klasse 2 Materialliste 2 B\u00fccherkauf 2 B\u00fccherausleihe 2 Materialgeld 2 Klasse 3 Materialliste 3 B\u00fccherkauf 3 B\u00fccherausleihe 3 Materialgeld 3 Klasse 4 Materialliste 4 B\u00fccherkauf 4 Materialgeld 4<\/p>\n","protected":false},"author":1,"featured_media":0,"parent":0,"menu_order":0,"comment_status":"closed","ping_status":"closed","template":"","meta":[],"_links":{"self":[{"href":"http:\/\/www.gs-atter.de.maschinenhalle.eu\/index.php?rest_route=\/wp\/v2\/pages\/14870"}],"collection":[{"href":"http:\/\/www.gs-atter.de.maschinenhalle.eu\/index.php?rest_route=\/wp\/v2\/pages"}],"about":[{"href":"http:\/\/www.gs-atter.de.maschinenhalle.eu\/index.php?rest_route=\/wp\/v2\/types\/page"}],"author":[{"embeddable":true,"href":"http:\/\/www.gs-atter.de.maschinenhalle.eu\/index.php?rest_route=\/wp\/v2\/users\/1"}],"replies":[{"embeddable":true,"href":"http:\/\/www.gs-atter.de.maschinenhalle.eu\/index.php?rest_route=%2Fwp%2Fv2%2Fcomments&post=14870"}],"version-history":[{"count":5,"href":"http:\/\/www.gs-atter.de.maschinenhalle.eu\/index.php?rest_route=\/wp\/v2\/pages\/14870\/revisions"}],"predecessor-version":[{"id":14902,"href":"http:\/\/www.gs-atter.de.maschinenhalle.eu\/index.php?rest_route=\/wp\/v2\/pages\/14870\/revisions\/14902"}],"wp:attachment":[{"href":"http:\/\/www.gs-atter.de.maschinenhalle.eu\/index.php?rest_route=%2Fwp%2Fv2%2Fmedia&parent=14870"}],"curies":[{"name":"wp","href":"https:\/\/api.w.org\/{rel}","templated":true}]}}