{"id":220,"date":"2014-06-21T16:11:16","date_gmt":"2014-06-21T14:11:16","guid":{"rendered":"http:\/\/www.gs-atter.de.maschinenhalle.eu\/?page_id=220"},"modified":"2014-07-13T13:42:29","modified_gmt":"2014-07-13T11:42:29","slug":"weihnachtsmaerchen","status":"publish","type":"page","link":"http:\/\/www.gs-atter.de.maschinenhalle.eu\/?page_id=220","title":{"rendered":"Weihnachtsm\u00e4rchen 2013"},"content":{"rendered":"<p>[av_textblock]<br \/>\nAm 29.11.2013 besuchte die M\u00e4rchenerz\u00e4hlerin Sabine Meyer vom Erz\u00e4hltheater Osnabr\u00fcck zum dritten Mal die Grundschule Atter und stimmte uns mit wunderbar vorgetragenen M\u00e4rchen und Geschichten auf die Adventszeit ein. Sabine Meyer schafft es in ihrer unvergleichlichen Art, die Kinder in ihren Bann zu ziehen. Gespannt und aufmerksam lauschten Kinder und Lehrkr\u00e4fte gleicherma\u00dfen. Stimmungsvoll wurden die M\u00e4rchen mit minimalem musikalischem Einsatz verkn\u00fcpft. Mit Sabine Meyer tauchten unsere Kinder ein in wunderbare M\u00e4rchenwelten und man bekommt eine Ahnung davon, wie fr\u00fcher in alter Zeit die Geschichtenerz\u00e4hler von Haus zu Haus gegangen sind und ihre Geschichten am offenen Feuer vorgetragen haben.<br \/>\n[\/av_textblock]<\/p>\n<p>[av_gallery ids=&#8217;1555,1556,1557,1558,1559,1561,1562,1563,1564&#8242; style=&#8217;thumbnails&#8216; preview_size=&#8217;portfolio&#8216; crop_big_preview_thumbnail=&#8217;avia-gallery-big-crop-thumb&#8216; thumb_size=&#8217;thumbnail&#8216; columns=&#8217;3&#8242; imagelink=&#8217;lightbox&#8216; lazyload=&#8217;deactivate_avia_lazyload&#8216;]<\/p>\n","protected":false},"excerpt":{"rendered":"<p>[av_textblock] Am 29.11.2013 besuchte die M\u00e4rchenerz\u00e4hlerin Sabine Meyer vom Erz\u00e4hltheater Osnabr\u00fcck zum dritten Mal die Grundschule Atter und stimmte uns mit wunderbar vorgetragenen M\u00e4rchen und Geschichten auf die Adventszeit ein. Sabine Meyer schafft es in ihrer unvergleichlichen Art, die Kinder in ihren Bann zu ziehen. Gespannt und aufmerksam lauschten Kinder und Lehrkr\u00e4fte gleicherma\u00dfen. Stimmungsvoll wurden &#8230; <a title=\"Weihnachtsm\u00e4rchen 2013\" class=\"read-more\" href=\"http:\/\/www.gs-atter.de.maschinenhalle.eu\/?page_id=220\" aria-label=\"Mehr dazu unter Weihnachtsm\u00e4rchen 2013\">Weiterlesen<\/a><\/p>\n","protected":false},"author":1,"featured_media":0,"parent":51,"menu_order":0,"comment_status":"closed","ping_status":"closed","template":"","meta":[],"_links":{"self":[{"href":"http:\/\/www.gs-atter.de.maschinenhalle.eu\/index.php?rest_route=\/wp\/v2\/pages\/220"}],"collection":[{"href":"http:\/\/www.gs-atter.de.maschinenhalle.eu\/index.php?rest_route=\/wp\/v2\/pages"}],"about":[{"href":"http:\/\/www.gs-atter.de.maschinenhalle.eu\/index.php?rest_route=\/wp\/v2\/types\/page"}],"author":[{"embeddable":true,"href":"http:\/\/www.gs-atter.de.maschinenhalle.eu\/index.php?rest_route=\/wp\/v2\/users\/1"}],"replies":[{"embeddable":true,"href":"http:\/\/www.gs-atter.de.maschinenhalle.eu\/index.php?rest_route=%2Fwp%2Fv2%2Fcomments&post=220"}],"version-history":[{"count":4,"href":"http:\/\/www.gs-atter.de.maschinenhalle.eu\/index.php?rest_route=\/wp\/v2\/pages\/220\/revisions"}],"predecessor-version":[{"id":2982,"href":"http:\/\/www.gs-atter.de.maschinenhalle.eu\/index.php?rest_route=\/wp\/v2\/pages\/220\/revisions\/2982"}],"up":[{"embeddable":true,"href":"http:\/\/www.gs-atter.de.maschinenhalle.eu\/index.php?rest_route=\/wp\/v2\/pages\/51"}],"wp:attachment":[{"href":"http:\/\/www.gs-atter.de.maschinenhalle.eu\/index.php?rest_route=%2Fwp%2Fv2%2Fmedia&parent=220"}],"curies":[{"name":"wp","href":"https:\/\/api.w.org\/{rel}","templated":true}]}}