{"id":36,"date":"2014-06-08T12:35:42","date_gmt":"2014-06-08T10:35:42","guid":{"rendered":"http:\/\/www.gs-atter.de.maschinenhalle.eu\/?page_id=36"},"modified":"2021-11-30T12:39:10","modified_gmt":"2021-11-30T10:39:10","slug":"schulordnung","status":"publish","type":"page","link":"http:\/\/www.gs-atter.de.maschinenhalle.eu\/?page_id=36","title":{"rendered":"Schulordnung und Schulprogramm"},"content":{"rendered":"<p>Jede Gemeinschaft ben\u00f6tigt verbindliche und verl\u00e4ssliche Regeln, damit sie funktioniert. Die Schulordnung der Grundschule Atter erm\u00f6glichtes allen Kindern, sich in der Schule wohl zu f\u00fchlen. Uns ist wichtig, dass die Kinder den Sinn unserer Schulordnung verstehen. Daher bespricht jeder Klassenlehrer j\u00e4hrlich und anlassbezogen dieses Regelwerk.&nbsp;<\/p>\n<p>Das Schulprogramm ist das Logbuch einer Schule. Hier werden Konzepte und verbindliche Absprachen geb\u00fcndelt.<\/p>\n\n\n<div class=\"wp-container-1 wp-block-buttons\">\n<div class=\"wp-block-button\"><a class=\"wp-block-button__link has-pale-cyan-blue-background-color has-background\" href=\"http:\/\/www.gs-atter.de.maschinenhalle.eu\/wp-content\/uploads\/2018\/08\/Schulprogramm-2018.pdf\" target=\"_blank\" rel=\"noreferrer noopener\">Schulprogramm<\/a><\/div>\n<\/div>\n\n\n\n<div class=\"wp-container-2 wp-block-buttons\">\n<div class=\"wp-block-button\"><a class=\"wp-block-button__link has-pale-cyan-blue-background-color has-background\" href=\"http:\/\/www.gs-atter.de.maschinenhalle.eu\/wp-content\/uploads\/2020\/08\/Schulordnung-HP.pdf\" target=\"_blank\" rel=\"noreferrer noopener\">Schulordnung<\/a><\/div>\n<\/div>\n\n\n\n<div class=\"wp-container-3 wp-block-buttons\">\n<div class=\"wp-block-button\"><a class=\"wp-block-button__link\" href=\"http:\/\/www.gs-atter.de.maschinenhalle.eu\/wp-content\/uploads\/2021\/11\/pp_leistungsbewertung_kurz.pptx\">Leistungsbewertung<\/a><\/div>\n<\/div>\n\n\n\n<p><\/p>\n","protected":false},"excerpt":{"rendered":"<p>Jede Gemeinschaft ben\u00f6tigt verbindliche und verl\u00e4ssliche Regeln, damit sie funktioniert. Die Schulordnung der Grundschule Atter erm\u00f6glichtes allen Kindern, sich in der Schule wohl zu f\u00fchlen. Uns ist wichtig, dass die Kinder den Sinn unserer Schulordnung verstehen. Daher bespricht jeder Klassenlehrer j\u00e4hrlich und anlassbezogen dieses Regelwerk.&nbsp; Das Schulprogramm ist das Logbuch einer Schule. Hier werden Konzepte &#8230; <a title=\"Schulordnung und Schulprogramm\" class=\"read-more\" href=\"http:\/\/www.gs-atter.de.maschinenhalle.eu\/?page_id=36\" aria-label=\"Mehr dazu unter Schulordnung und Schulprogramm\">Weiterlesen<\/a><\/p>\n","protected":false},"author":1,"featured_media":0,"parent":12,"menu_order":0,"comment_status":"closed","ping_status":"closed","template":"","meta":[],"_links":{"self":[{"href":"http:\/\/www.gs-atter.de.maschinenhalle.eu\/index.php?rest_route=\/wp\/v2\/pages\/36"}],"collection":[{"href":"http:\/\/www.gs-atter.de.maschinenhalle.eu\/index.php?rest_route=\/wp\/v2\/pages"}],"about":[{"href":"http:\/\/www.gs-atter.de.maschinenhalle.eu\/index.php?rest_route=\/wp\/v2\/types\/page"}],"author":[{"embeddable":true,"href":"http:\/\/www.gs-atter.de.maschinenhalle.eu\/index.php?rest_route=\/wp\/v2\/users\/1"}],"replies":[{"embeddable":true,"href":"http:\/\/www.gs-atter.de.maschinenhalle.eu\/index.php?rest_route=%2Fwp%2Fv2%2Fcomments&post=36"}],"version-history":[{"count":17,"href":"http:\/\/www.gs-atter.de.maschinenhalle.eu\/index.php?rest_route=\/wp\/v2\/pages\/36\/revisions"}],"predecessor-version":[{"id":13015,"href":"http:\/\/www.gs-atter.de.maschinenhalle.eu\/index.php?rest_route=\/wp\/v2\/pages\/36\/revisions\/13015"}],"up":[{"embeddable":true,"href":"http:\/\/www.gs-atter.de.maschinenhalle.eu\/index.php?rest_route=\/wp\/v2\/pages\/12"}],"wp:attachment":[{"href":"http:\/\/www.gs-atter.de.maschinenhalle.eu\/index.php?rest_route=%2Fwp%2Fv2%2Fmedia&parent=36"}],"curies":[{"name":"wp","href":"https:\/\/api.w.org\/{rel}","templated":true}]}}