{"id":6289,"date":"2014-12-16T18:45:17","date_gmt":"2014-12-16T16:45:17","guid":{"rendered":"http:\/\/www.gs-atter.de.maschinenhalle.eu\/?page_id=6289"},"modified":"2017-01-04T15:20:30","modified_gmt":"2017-01-04T13:20:30","slug":"kerzenflamme-und-verbrennung-5","status":"publish","type":"page","link":"http:\/\/www.gs-atter.de.maschinenhalle.eu\/?page_id=6289","title":{"rendered":"Kerzenflamme und Verbrennung"},"content":{"rendered":"<p style=\"text-align: center;\">In der Adventszeit bietet sich das Thema &#8222;Kerzenflamme und Verbrennung geradezu an.<br \/>\nZun\u00e4chst haben wir ge\u00fcbt, wie ein Streichholz kontrolliert angez\u00fcndet wird.<img loading=\"lazy\" width=\"600\" height=\"450\" class=\"alignnone size-full wp-image-6253\" alt=\"IMG_1857\" src=\"http:\/\/www.gs-atter.de.maschinenhalle.eu\/wp-content\/uploads\/2014\/12\/IMG_1857.jpg\" srcset=\"http:\/\/www.gs-atter.de.maschinenhalle.eu\/wp-content\/uploads\/2014\/12\/IMG_1857.jpg 600w, http:\/\/www.gs-atter.de.maschinenhalle.eu\/wp-content\/uploads\/2014\/12\/IMG_1857-300x225.jpg 300w, http:\/\/www.gs-atter.de.maschinenhalle.eu\/wp-content\/uploads\/2014\/12\/IMG_1857-450x337.jpg 450w\" sizes=\"(max-width: 600px) 100vw, 600px\" \/><\/p>\n<p style=\"text-align: center;\">Begonnen haben wir unsere Experimentierreihe dann damit zu erkunden was brennt bei der Kerze?<br \/>\nDocht oder Wachs?<br \/>\n<img loading=\"lazy\" width=\"600\" height=\"450\" class=\"alignnone size-full wp-image-6259\" alt=\"IMG_1869\" src=\"http:\/\/www.gs-atter.de.maschinenhalle.eu\/wp-content\/uploads\/2014\/12\/IMG_1869.jpg\" srcset=\"http:\/\/www.gs-atter.de.maschinenhalle.eu\/wp-content\/uploads\/2014\/12\/IMG_1869.jpg 600w, http:\/\/www.gs-atter.de.maschinenhalle.eu\/wp-content\/uploads\/2014\/12\/IMG_1869-300x225.jpg 300w, http:\/\/www.gs-atter.de.maschinenhalle.eu\/wp-content\/uploads\/2014\/12\/IMG_1869-450x337.jpg 450w\" sizes=\"(max-width: 600px) 100vw, 600px\" \/><\/p>\n<p>&nbsp;<\/p>\n<p style=\"text-align: center;\">Aber wie kommt das Wachs in den Docht. Es folgten Versuche zur Kapilarit\u00e4t.&nbsp;&nbsp;&nbsp;&nbsp; <img loading=\"lazy\" width=\"600\" height=\"450\" class=\"alignnone size-full wp-image-6270\" alt=\"IMG_2093\" src=\"http:\/\/www.gs-atter.de.maschinenhalle.eu\/wp-content\/uploads\/2014\/12\/IMG_2093.jpg\" srcset=\"http:\/\/www.gs-atter.de.maschinenhalle.eu\/wp-content\/uploads\/2014\/12\/IMG_2093.jpg 600w, http:\/\/www.gs-atter.de.maschinenhalle.eu\/wp-content\/uploads\/2014\/12\/IMG_2093-300x225.jpg 300w, http:\/\/www.gs-atter.de.maschinenhalle.eu\/wp-content\/uploads\/2014\/12\/IMG_2093-450x337.jpg 450w\" sizes=\"(max-width: 600px) 100vw, 600px\" \/><\/p>\n<p>Mit einem Demonstrationsversuch haben wir veranschaulicht, unter welchen Bedingungen Wachs<\/p>\n<p>brennt.<img loading=\"lazy\" width=\"600\" height=\"450\" class=\"alignnone size-full wp-image-6280\" alt=\"IMG_2195\" src=\"http:\/\/www.gs-atter.de.maschinenhalle.eu\/wp-content\/uploads\/2014\/12\/IMG_2195.jpg\" srcset=\"http:\/\/www.gs-atter.de.maschinenhalle.eu\/wp-content\/uploads\/2014\/12\/IMG_2195.jpg 600w, http:\/\/www.gs-atter.de.maschinenhalle.eu\/wp-content\/uploads\/2014\/12\/IMG_2195-300x225.jpg 300w, http:\/\/www.gs-atter.de.maschinenhalle.eu\/wp-content\/uploads\/2014\/12\/IMG_2195-450x337.jpg 450w\" sizes=\"(max-width: 600px) 100vw, 600px\" \/><\/p>\n<p>&nbsp;<\/p>\n<p>Da wir verstanden haben, das Wachsdampf brennt, verstehen wir auch die Sache mit der \u00dcbersprungsflamme. <img loading=\"lazy\" width=\"600\" height=\"450\" class=\"alignnone size-full wp-image-6292\" alt=\"IMG_2199\" src=\"http:\/\/www.gs-atter.de.maschinenhalle.eu\/wp-content\/uploads\/2014\/12\/IMG_2199.jpg\" srcset=\"http:\/\/www.gs-atter.de.maschinenhalle.eu\/wp-content\/uploads\/2014\/12\/IMG_2199.jpg 600w, http:\/\/www.gs-atter.de.maschinenhalle.eu\/wp-content\/uploads\/2014\/12\/IMG_2199-300x225.jpg 300w, http:\/\/www.gs-atter.de.maschinenhalle.eu\/wp-content\/uploads\/2014\/12\/IMG_2199-450x337.jpg 450w\" sizes=\"(max-width: 600px) 100vw, 600px\" \/><\/p>\n<p>&nbsp;<\/p>\n<p style=\"text-align: center;\">Besonders interessant sind auch die drei verschiedenen Flammenzonen.<br \/>\nWir haben sie zuerst gezeichnet.<\/p>\n<p>&nbsp;<\/p>\n<p style=\"text-align: center;\">Bei der blauen Flammenzone passiert gar nichts, bei der braunen Flammenzone entweicht Wachsdampf und der gelben Flammenzonen entweicht schwarzer Ru\u00df. <img loading=\"lazy\" width=\"600\" height=\"450\" class=\"alignnone size-full wp-image-6387\" alt=\"IMG_2259\" src=\"http:\/\/www.gs-atter.de.maschinenhalle.eu\/wp-content\/uploads\/2014\/12\/IMG_2259.jpg\" srcset=\"http:\/\/www.gs-atter.de.maschinenhalle.eu\/wp-content\/uploads\/2014\/12\/IMG_2259.jpg 600w, http:\/\/www.gs-atter.de.maschinenhalle.eu\/wp-content\/uploads\/2014\/12\/IMG_2259-300x225.jpg 300w, http:\/\/www.gs-atter.de.maschinenhalle.eu\/wp-content\/uploads\/2014\/12\/IMG_2259-450x337.jpg 450w\" sizes=\"(max-width: 600px) 100vw, 600px\" \/><\/p>\n<p>&nbsp;<\/p>\n","protected":false},"excerpt":{"rendered":"<p>In der Adventszeit bietet sich das Thema &#8222;Kerzenflamme und Verbrennung geradezu an. Zun\u00e4chst haben wir ge\u00fcbt, wie ein Streichholz kontrolliert angez\u00fcndet wird. Begonnen haben wir unsere Experimentierreihe dann damit zu erkunden was brennt bei der Kerze? Docht oder Wachs? &nbsp; Aber wie kommt das Wachs in den Docht. Es folgten Versuche zur Kapilarit\u00e4t.&nbsp;&nbsp;&nbsp;&nbsp; Mit einem &#8230; <a title=\"Kerzenflamme und Verbrennung\" class=\"read-more\" href=\"http:\/\/www.gs-atter.de.maschinenhalle.eu\/?page_id=6289\" aria-label=\"Mehr dazu unter Kerzenflamme und Verbrennung\">Weiterlesen<\/a><\/p>\n","protected":false},"author":1,"featured_media":0,"parent":160,"menu_order":0,"comment_status":"closed","ping_status":"closed","template":"","meta":[],"_links":{"self":[{"href":"http:\/\/www.gs-atter.de.maschinenhalle.eu\/index.php?rest_route=\/wp\/v2\/pages\/6289"}],"collection":[{"href":"http:\/\/www.gs-atter.de.maschinenhalle.eu\/index.php?rest_route=\/wp\/v2\/pages"}],"about":[{"href":"http:\/\/www.gs-atter.de.maschinenhalle.eu\/index.php?rest_route=\/wp\/v2\/types\/page"}],"author":[{"embeddable":true,"href":"http:\/\/www.gs-atter.de.maschinenhalle.eu\/index.php?rest_route=\/wp\/v2\/users\/1"}],"replies":[{"embeddable":true,"href":"http:\/\/www.gs-atter.de.maschinenhalle.eu\/index.php?rest_route=%2Fwp%2Fv2%2Fcomments&post=6289"}],"version-history":[{"count":4,"href":"http:\/\/www.gs-atter.de.maschinenhalle.eu\/index.php?rest_route=\/wp\/v2\/pages\/6289\/revisions"}],"predecessor-version":[{"id":9782,"href":"http:\/\/www.gs-atter.de.maschinenhalle.eu\/index.php?rest_route=\/wp\/v2\/pages\/6289\/revisions\/9782"}],"up":[{"embeddable":true,"href":"http:\/\/www.gs-atter.de.maschinenhalle.eu\/index.php?rest_route=\/wp\/v2\/pages\/160"}],"wp:attachment":[{"href":"http:\/\/www.gs-atter.de.maschinenhalle.eu\/index.php?rest_route=%2Fwp%2Fv2%2Fmedia&parent=6289"}],"curies":[{"name":"wp","href":"https:\/\/api.w.org\/{rel}","templated":true}]}}