{"id":7195,"date":"2015-06-12T18:26:32","date_gmt":"2015-06-12T16:26:32","guid":{"rendered":"http:\/\/www.gs-atter.de.maschinenhalle.eu\/?page_id=7195"},"modified":"2015-06-12T18:26:32","modified_gmt":"2015-06-12T16:26:32","slug":"leserabengeschichte","status":"publish","type":"page","link":"http:\/\/www.gs-atter.de.maschinenhalle.eu\/?page_id=7195","title":{"rendered":"Leserabengeschichte"},"content":{"rendered":"<p>[av_textblock size=&#8220; font_color=&#8220; color=&#8220;]<\/p>\n<p style=\"text-align: center;\">Zuerst haben wir die spannende Piratengeschichte vom Leseraben geh\u00f6rt und die R\u00e4tselfragen gel\u00f6st.<br \/>\nDanach schrieben wir dann unsere eigene Geschichte.<img loading=\"lazy\" class=\"  wp-image-7230 aligncenter\" src=\"http:\/\/www.gs-atter.de.maschinenhalle.eu\/wp-content\/uploads\/2015\/06\/5_Deckblatt.jpg\" alt=\"5_Deckblatt\" width=\"305\" height=\"406\" srcset=\"http:\/\/www.gs-atter.de.maschinenhalle.eu\/wp-content\/uploads\/2015\/06\/5_Deckblatt.jpg 600w, http:\/\/www.gs-atter.de.maschinenhalle.eu\/wp-content\/uploads\/2015\/06\/5_Deckblatt-225x300.jpg 225w, http:\/\/www.gs-atter.de.maschinenhalle.eu\/wp-content\/uploads\/2015\/06\/5_Deckblatt-529x705.jpg 529w, http:\/\/www.gs-atter.de.maschinenhalle.eu\/wp-content\/uploads\/2015\/06\/5_Deckblatt-450x600.jpg 450w\" sizes=\"(max-width: 305px) 100vw, 305px\" \/><\/p>\n<p>[\/av_textblock]<\/p>\n<p>[av_textblock size=&#8220; font_color=&#8220; color=&#8220;]<\/p>\n<p style=\"text-align: center;\">Dannach haben wir unsere Geschichte auf den PC getippt, das war schon richtig m\u00fchselig.<\/p>\n<p>[\/av_textblock]<\/p>\n<p>[av_gallery ids=&#8217;7198,7199,7200,7201,7202,7204&#8242; style=&#8217;thumbnails&#8216; preview_size=&#8217;portfolio&#8216; crop_big_preview_thumbnail=&#8217;avia-gallery-big-crop-thumb&#8216; thumb_size=&#8217;portfolio&#8216; columns=&#8217;3&#8242; imagelink=&#8217;lightbox&#8216; lazyload=&#8217;deactivate_avia_lazyload&#8216;]<\/p>\n<p>[av_textblock size=&#8220; font_color=&#8220; color=&#8220;]<\/p>\n<p style=\"text-align: center;\">Das Illustrieren hat richtig Freude gemacht.<\/p>\n<p>[\/av_textblock]<\/p>\n<p>[av_gallery ids=&#8217;7205,7207,7208,7209,7210,7211,7212,7213&#8242; style=&#8217;thumbnails&#8216; preview_size=&#8217;portfolio&#8216; crop_big_preview_thumbnail=&#8217;avia-gallery-big-crop-thumb&#8216; thumb_size=&#8217;portfolio&#8216; columns=&#8217;4&#8242; imagelink=&#8217;lightbox&#8216; lazyload=&#8217;deactivate_avia_lazyload&#8216;]<\/p>\n<p>[av_textblock size=&#8220; font_color=&#8220; color=&#8220;]<\/p>\n<p style=\"text-align: center;\">Das ist unsere Geschichte<\/p>\n<p>[\/av_textblock]<\/p>\n<p>[av_gallery ids=&#8217;7214,7216,7215,7217,7218,7219,7220,7221,7222,7223,7224,7225,7226,7227,7228,7229&#8242; style=&#8217;thumbnails&#8216; preview_size=&#8217;portfolio&#8216; crop_big_preview_thumbnail=&#8217;avia-gallery-big-crop-thumb&#8216; thumb_size=&#8217;portfolio&#8216; columns=&#8217;4&#8242; imagelink=&#8217;lightbox&#8216; lazyload=&#8217;deactivate_avia_lazyload&#8216;]<\/p>\n","protected":false},"excerpt":{"rendered":"<p>[av_textblock size=&#8220; font_color=&#8220; color=&#8220;] Zuerst haben wir die spannende Piratengeschichte vom Leseraben geh\u00f6rt und die R\u00e4tselfragen gel\u00f6st. Danach schrieben wir dann unsere eigene Geschichte. [\/av_textblock] [av_textblock size=&#8220; font_color=&#8220; color=&#8220;] Dannach haben wir unsere Geschichte auf den PC getippt, das war schon richtig m\u00fchselig. [\/av_textblock] [av_gallery ids=&#8217;7198,7199,7200,7201,7202,7204&#8242; style=&#8217;thumbnails&#8216; preview_size=&#8217;portfolio&#8216; crop_big_preview_thumbnail=&#8217;avia-gallery-big-crop-thumb&#8216; thumb_size=&#8217;portfolio&#8216; columns=&#8217;3&#8242; imagelink=&#8217;lightbox&#8216; lazyload=&#8217;deactivate_avia_lazyload&#8216;] [av_textblock size=&#8220; &#8230; <a title=\"Leserabengeschichte\" class=\"read-more\" href=\"http:\/\/www.gs-atter.de.maschinenhalle.eu\/?page_id=7195\" aria-label=\"Mehr dazu unter Leserabengeschichte\">Weiterlesen<\/a><\/p>\n","protected":false},"author":1,"featured_media":0,"parent":0,"menu_order":0,"comment_status":"closed","ping_status":"closed","template":"","meta":[],"_links":{"self":[{"href":"http:\/\/www.gs-atter.de.maschinenhalle.eu\/index.php?rest_route=\/wp\/v2\/pages\/7195"}],"collection":[{"href":"http:\/\/www.gs-atter.de.maschinenhalle.eu\/index.php?rest_route=\/wp\/v2\/pages"}],"about":[{"href":"http:\/\/www.gs-atter.de.maschinenhalle.eu\/index.php?rest_route=\/wp\/v2\/types\/page"}],"author":[{"embeddable":true,"href":"http:\/\/www.gs-atter.de.maschinenhalle.eu\/index.php?rest_route=\/wp\/v2\/users\/1"}],"replies":[{"embeddable":true,"href":"http:\/\/www.gs-atter.de.maschinenhalle.eu\/index.php?rest_route=%2Fwp%2Fv2%2Fcomments&post=7195"}],"version-history":[{"count":1,"href":"http:\/\/www.gs-atter.de.maschinenhalle.eu\/index.php?rest_route=\/wp\/v2\/pages\/7195\/revisions"}],"predecessor-version":[{"id":7231,"href":"http:\/\/www.gs-atter.de.maschinenhalle.eu\/index.php?rest_route=\/wp\/v2\/pages\/7195\/revisions\/7231"}],"wp:attachment":[{"href":"http:\/\/www.gs-atter.de.maschinenhalle.eu\/index.php?rest_route=%2Fwp%2Fv2%2Fmedia&parent=7195"}],"curies":[{"name":"wp","href":"https:\/\/api.w.org\/{rel}","templated":true}]}}