{"id":9423,"date":"2016-10-31T17:00:57","date_gmt":"2016-10-31T15:00:57","guid":{"rendered":"http:\/\/www.gs-atter.de.maschinenhalle.eu\/?page_id=9423"},"modified":"2024-06-28T11:01:41","modified_gmt":"2024-06-28T09:01:41","slug":"kicking-girls","status":"publish","type":"page","link":"http:\/\/www.gs-atter.de.maschinenhalle.eu\/?page_id=9423","title":{"rendered":"Futbalo Girls"},"content":{"rendered":"<div class=\"wp-block-image\">\n<figure class=\"alignleft is-resized\"><a href=\"Futbalo Girls\"><img loading=\"lazy\" src=\"https:\/\/futbalo-girls.info\/wp-content\/uploads\/2020\/10\/FG-Logo-farbig.png\" alt=\"Futbalo Girls - M\u00e4dchenfu\u00dfball\" width=\"-98\" height=\"-33\"\/><\/a><\/figure><\/div>\n\n\n<p>&#8222;M\u00e4dchen durch Fu\u00dfball st\u00e4rken!&#8220; ist das Ziel von <a href=\"https:\/\/futbalo-girls.info\/\">Futbalo Girls<\/a>. Hierbei handelt es sich um die gr\u00f6\u00dfte M\u00e4dchen-Fu\u00dfball-Initiative in Deutschland. Gleitet wird das Training von einer Sportstudentin der UNI Osnabr\u00fcck. Es wird gedribbelt, gepasst, geschossen und gejubelt. Immer wieder k\u00f6nnen die M\u00e4dchen Turniererfahrungen im Soccercenter oder auf dem Sportplatz gewinnen, wenn gegen andere Osnabr\u00fccker Schulen gespielt wird.&nbsp;<\/p>\n\n\n\n<figure class=\"wp-block-image size-large\"><img loading=\"lazy\" width=\"1030\" height=\"773\" src=\"http:\/\/www.gs-atter.de.maschinenhalle.eu\/wp-content\/uploads\/2024\/06\/f3-1030x773.jpeg\" alt=\"\" class=\"wp-image-14388\" srcset=\"http:\/\/www.gs-atter.de.maschinenhalle.eu\/wp-content\/uploads\/2024\/06\/f3-1030x773.jpeg 1030w, http:\/\/www.gs-atter.de.maschinenhalle.eu\/wp-content\/uploads\/2024\/06\/f3-300x225.jpeg 300w, http:\/\/www.gs-atter.de.maschinenhalle.eu\/wp-content\/uploads\/2024\/06\/f3-768x576.jpeg 768w, http:\/\/www.gs-atter.de.maschinenhalle.eu\/wp-content\/uploads\/2024\/06\/f3-1536x1152.jpeg 1536w, http:\/\/www.gs-atter.de.maschinenhalle.eu\/wp-content\/uploads\/2024\/06\/f3-2048x1536.jpeg 2048w\" sizes=\"(max-width: 1030px) 100vw, 1030px\" \/><\/figure>\n\n\n\n<figure class=\"wp-block-image\"><img alt=\"\"\/><\/figure>\n","protected":false},"excerpt":{"rendered":"<p>&#8222;M\u00e4dchen durch Fu\u00dfball st\u00e4rken!&#8220; ist das Ziel von Futbalo Girls. Hierbei handelt es sich um die gr\u00f6\u00dfte M\u00e4dchen-Fu\u00dfball-Initiative in Deutschland. Gleitet wird das Training von einer Sportstudentin der UNI Osnabr\u00fcck. Es wird gedribbelt, gepasst, geschossen und gejubelt. Immer wieder k\u00f6nnen die M\u00e4dchen Turniererfahrungen im Soccercenter oder auf dem Sportplatz gewinnen, wenn gegen andere Osnabr\u00fccker Schulen &#8230; <a title=\"Futbalo Girls\" class=\"read-more\" href=\"http:\/\/www.gs-atter.de.maschinenhalle.eu\/?page_id=9423\" aria-label=\"Mehr dazu unter Futbalo Girls\">Weiterlesen<\/a><\/p>\n","protected":false},"author":1,"featured_media":0,"parent":0,"menu_order":0,"comment_status":"closed","ping_status":"closed","template":"","meta":[],"_links":{"self":[{"href":"http:\/\/www.gs-atter.de.maschinenhalle.eu\/index.php?rest_route=\/wp\/v2\/pages\/9423"}],"collection":[{"href":"http:\/\/www.gs-atter.de.maschinenhalle.eu\/index.php?rest_route=\/wp\/v2\/pages"}],"about":[{"href":"http:\/\/www.gs-atter.de.maschinenhalle.eu\/index.php?rest_route=\/wp\/v2\/types\/page"}],"author":[{"embeddable":true,"href":"http:\/\/www.gs-atter.de.maschinenhalle.eu\/index.php?rest_route=\/wp\/v2\/users\/1"}],"replies":[{"embeddable":true,"href":"http:\/\/www.gs-atter.de.maschinenhalle.eu\/index.php?rest_route=%2Fwp%2Fv2%2Fcomments&post=9423"}],"version-history":[{"count":7,"href":"http:\/\/www.gs-atter.de.maschinenhalle.eu\/index.php?rest_route=\/wp\/v2\/pages\/9423\/revisions"}],"predecessor-version":[{"id":14392,"href":"http:\/\/www.gs-atter.de.maschinenhalle.eu\/index.php?rest_route=\/wp\/v2\/pages\/9423\/revisions\/14392"}],"wp:attachment":[{"href":"http:\/\/www.gs-atter.de.maschinenhalle.eu\/index.php?rest_route=%2Fwp%2Fv2%2Fmedia&parent=9423"}],"curies":[{"name":"wp","href":"https:\/\/api.w.org\/{rel}","templated":true}]}}