{"id":9701,"date":"2016-12-28T18:43:04","date_gmt":"2016-12-28T16:43:04","guid":{"rendered":"http:\/\/www.gs-atter.de.maschinenhalle.eu\/?page_id=9701"},"modified":"2017-05-06T05:47:35","modified_gmt":"2017-05-06T03:47:35","slug":"ueber-magi-e-v","status":"publish","type":"page","link":"http:\/\/www.gs-atter.de.maschinenhalle.eu\/?page_id=9701","title":{"rendered":"\u00fcber magi e.v."},"content":{"rendered":"<h1 class=\"page-title\">Magi e.v.<\/h1>\n<p><strong>Magi e.V. <\/strong><\/p>\n<p>Der Verein Magi e.V. ist ein Verein zur Unterst\u00fctzung von M\u00e4dchen in Malawi. Malawi ist ein Staat in S\u00fcdostafrika und geh\u00f6rt zu den \u00e4rmsten L\u00e4ndern der Welt. Der Verein arbeitet ehrenamtlich daf\u00fcr, M\u00e4dchen in Malawi vor einem Leben auf der Stra\u00dfe zu sch\u00fctzen und neue Perspektiven zu bieten. Hierf\u00fcr wurde ein M\u00e4dchenhaus gegr\u00fcndet und zun\u00e4chst ein passendes Geb\u00e4ude angemietet. Mittlerweile konnte ein eigenes Grundst\u00fcck erworben werden und gebaut werden. Die Anlage, die nach und nach aufgebaut und stetig erweitert wird, besteht mittlerweile aus Haupthaus, HIV-Schule, Girls Corner, einem Getreidehaus und Vorratshaus und dem\u00a0 \u201eUnderfivehouse\u201c.<\/p>\n<p>In diesem Geb\u00e4udekomplex haben die M\u00e4dchen ein festes Zuhause und m\u00fcssen nicht auf der Stra\u00dfe leben. Au\u00dferdem sind die M\u00e4dchen vor den \u00dcbergriffen m\u00e4nnlicher Personen und Prostitution gesch\u00fctzt und erhalten eine Schulbildung durch den Besuch der nahe gelegenen Primary School. Gleichzeitig erlernen die M\u00e4dchen T\u00e4tigkeiten wie Gartenbau und Viehwirtschaft, um sp\u00e4ter im Erwachsenenalter ein m\u00f6glichst selbstbestimmtes Leben zu f\u00fchren. Um die Unabh\u00e4ngigkeit und Eigenst\u00e4ndigkeit zu f\u00f6rdern wird Gem\u00fcse, Obst und Mais zur Versorgung angebaut.<\/p>\n<p>Die Unterst\u00fctzung der bed\u00fcrftigen Kinder in Malawi hat an der Grundschule Atter eine lange Tradition: Urspr\u00fcnglich wurde die \u201ePius Girls Primary School\u201c im Ort Blantyre unterst\u00fctzt. Es bestand eine Schulpatenschaft. Ab dem Schuljahr 2011\/12 wird der Verein magi e.V. unterst\u00fctzt, der gemeinsam mit engagierten Eltern aufgebaut wurde. Frau Hirschmann ist 1. Vorsitzende, Frau Cassing 2. Vorsitzende und Herr R\u00f6ttger Kassenwart.<\/p>\n<p>&nbsp;<\/p>\n<p>In vielen Jahren der Unterst\u00fctzung konnten zahlreichen Spenden vermittelt werden:<\/p>\n<table>\n<tbody>\n<tr>\n<td width=\"138\">2007\/08<\/td>\n<td width=\"493\">Sponsorenlauf<\/td>\n<td width=\"298\">1108 \u20ac<\/td>\n<\/tr>\n<tr>\n<td width=\"138\">2007\/08<\/td>\n<td width=\"493\">Preisgeld bei dem Wettbewerb \u201eAlle f\u00fcr eine Welt f\u00fcr alle\u201c des Bundespr\u00e4sidenten, den Frau Hirschmann mit ihrer Klasse gewonnen hat<\/td>\n<td width=\"298\">\u00a0 668 \u20ac<\/td>\n<\/tr>\n<tr>\n<td width=\"138\">2008\/09<\/td>\n<td width=\"493\">Sponsorenlauf und Kollekte des Schuleingangsgottesdienstes<\/td>\n<td width=\"298\">2.315\u20ac<\/td>\n<\/tr>\n<tr>\n<td width=\"138\">2010\/11<\/td>\n<td width=\"493\">Adventsbasar<\/td>\n<td width=\"298\">1000,00 \u20ac<\/td>\n<\/tr>\n<tr>\n<td width=\"138\">2011\/12<\/td>\n<td width=\"493\">Sponsorenlauf<\/td>\n<td width=\"298\">1551,92<\/td>\n<\/tr>\n<tr>\n<td width=\"138\">2011\/12<\/td>\n<td width=\"493\">Mit dem Theaterst\u00fcck \u201eKomm rein und schau hinaus\u201c wurde der Afrikapreis der Stadt Osnabr\u00fcck gewonnen und der Wettbewerb des Bundespr\u00e4sidenten zur Entwicklungspolitik, au\u00dferdem wurde die Klasse &#8222;Unicef Juniot Botschafter&#8220;<\/td>\n<td width=\"298\">\u00a03000\u20ac<\/td>\n<\/tr>\n<tr>\n<td width=\"138\">2012\/13<\/td>\n<td width=\"493\">Fr\u00fchjahrsbasar<\/td>\n<td width=\"298\">1038,63<\/td>\n<\/tr>\n<tr>\n<td width=\"138\">2013\/14<\/td>\n<td width=\"493\">Sponsorenlauf<\/td>\n<td width=\"298\">1090\u20ac<\/td>\n<\/tr>\n<tr>\n<td width=\"138\">2014\/15<\/td>\n<td width=\"493\">Fr\u00fchjahrsbasar<\/td>\n<td width=\"298\">2049 \u20ac<\/td>\n<\/tr>\n<tr>\n<td width=\"138\">2015\/16<\/td>\n<td width=\"493\">Sponsorenlauf<\/td>\n<td width=\"298\">1103,70 \u20ac<\/td>\n<\/tr>\n<\/tbody>\n<\/table>\n<p>&nbsp;<\/p>\n<p>In den ersten Jahren wurden die Schulgeb\u00e4ude mit dem Geld saniert: neue Toiletten und\u00a0Klassenr\u00e4ume wurden eingerichtet und gestrichen, die\u00a0Klassenr\u00e4ume konnten mit neuen Fenstern versehen werden,\u00a0die Elektrik der Schule konnte grundsaniert werden. Schlie\u00dflich wurde neue St\u00fchle und Schreibtische angeschafft und die Au\u00dfenanlage befestigt.<\/p>\n<p>Anschlie\u00dfend wurden die Geb\u00e4ude rund um das M\u00e4dchenhaus saniert und aufgebaut. Neben der medizinischen Versorgung der Kinder, m\u00fcssen auch Babynahrung und Pflegemittel extrem teuer beschafft werden. Die Spenden kommen den Kindern direkt zugute.<\/p>\n","protected":false},"excerpt":{"rendered":"<p>Magi e.v. Magi e.V. Der Verein Magi e.V. ist ein Verein zur Unterst\u00fctzung von M\u00e4dchen in Malawi. Malawi ist ein Staat in S\u00fcdostafrika und geh\u00f6rt zu den \u00e4rmsten L\u00e4ndern der Welt. Der Verein arbeitet ehrenamtlich daf\u00fcr, M\u00e4dchen in Malawi vor einem Leben auf der Stra\u00dfe zu sch\u00fctzen und neue Perspektiven zu bieten. Hierf\u00fcr wurde ein &#8230; <a title=\"\u00fcber magi e.v.\" class=\"read-more\" href=\"http:\/\/www.gs-atter.de.maschinenhalle.eu\/?page_id=9701\" aria-label=\"Mehr dazu unter \u00fcber magi e.v.\">Weiterlesen<\/a><\/p>\n","protected":false},"author":1,"featured_media":0,"parent":0,"menu_order":0,"comment_status":"closed","ping_status":"closed","template":"","meta":[],"_links":{"self":[{"href":"http:\/\/www.gs-atter.de.maschinenhalle.eu\/index.php?rest_route=\/wp\/v2\/pages\/9701"}],"collection":[{"href":"http:\/\/www.gs-atter.de.maschinenhalle.eu\/index.php?rest_route=\/wp\/v2\/pages"}],"about":[{"href":"http:\/\/www.gs-atter.de.maschinenhalle.eu\/index.php?rest_route=\/wp\/v2\/types\/page"}],"author":[{"embeddable":true,"href":"http:\/\/www.gs-atter.de.maschinenhalle.eu\/index.php?rest_route=\/wp\/v2\/users\/1"}],"replies":[{"embeddable":true,"href":"http:\/\/www.gs-atter.de.maschinenhalle.eu\/index.php?rest_route=%2Fwp%2Fv2%2Fcomments&post=9701"}],"version-history":[{"count":4,"href":"http:\/\/www.gs-atter.de.maschinenhalle.eu\/index.php?rest_route=\/wp\/v2\/pages\/9701\/revisions"}],"predecessor-version":[{"id":10184,"href":"http:\/\/www.gs-atter.de.maschinenhalle.eu\/index.php?rest_route=\/wp\/v2\/pages\/9701\/revisions\/10184"}],"wp:attachment":[{"href":"http:\/\/www.gs-atter.de.maschinenhalle.eu\/index.php?rest_route=%2Fwp%2Fv2%2Fmedia&parent=9701"}],"curies":[{"name":"wp","href":"https:\/\/api.w.org\/{rel}","templated":true}]}}