{"id":9921,"date":"2017-02-28T16:45:36","date_gmt":"2017-02-28T14:45:36","guid":{"rendered":"http:\/\/www.gs-atter.de.maschinenhalle.eu\/?page_id=9921"},"modified":"2017-03-01T17:47:06","modified_gmt":"2017-03-01T15:47:06","slug":"schulkinowoche","status":"publish","type":"page","link":"http:\/\/www.gs-atter.de.maschinenhalle.eu\/?page_id=9921","title":{"rendered":"Schulkinowoche"},"content":{"rendered":"<p><a href=\"http:\/\/www.gs-atter.de.maschinenhalle.eu\/wp-content\/uploads\/2017\/03\/IMG_2614-e1488382753189.jpg\"><img loading=\"lazy\" class=\"size-medium wp-image-9933 alignright\" src=\"http:\/\/www.gs-atter.de.maschinenhalle.eu\/wp-content\/uploads\/2017\/03\/IMG_2614-e1488382753189-225x300.jpg\" alt=\"\" width=\"225\" height=\"300\" srcset=\"http:\/\/www.gs-atter.de.maschinenhalle.eu\/wp-content\/uploads\/2017\/03\/IMG_2614-e1488382753189-225x300.jpg 225w, http:\/\/www.gs-atter.de.maschinenhalle.eu\/wp-content\/uploads\/2017\/03\/IMG_2614-e1488382753189-768x1024.jpg 768w, http:\/\/www.gs-atter.de.maschinenhalle.eu\/wp-content\/uploads\/2017\/03\/IMG_2614-e1488382753189-772x1030.jpg 772w\" sizes=\"(max-width: 225px) 100vw, 225px\" \/><\/a>Im M\u00e4rz sind Schulkinowochen in ganz Niedersachsen. Ziel dieses Projekts ist die St\u00e4rkung der Medienkompetenz der Sch\u00fcler. In Abstimmung mit dem Kultusministerium werden p\u00e4dagogisch hochwertige Filme angeboten. Parallel zur Schulkinowoche finden Fortbildungen statt. In den Klassen selber werden die Filme inhaltlich und thematisch vor- und nachbereitet. So hat die Klasse 3 eine Fotoausstellung und Klasse 2 eine Ausstellung zum Thema Heidi vorbereitet.&nbsp;<\/p>\n<p>&nbsp;<\/p>\n<p><em><a href=\"http:\/\/www.gs-atter.de.maschinenhalle.eu\/wp-content\/uploads\/2017\/02\/IMG_2610.jpg\"><img loading=\"lazy\" class=\"alignnone wp-image-9922 size-large\" src=\"http:\/\/www.gs-atter.de.maschinenhalle.eu\/wp-content\/uploads\/2017\/02\/IMG_2610-773x1030.jpg\" width=\"760\" height=\"1013\" srcset=\"http:\/\/www.gs-atter.de.maschinenhalle.eu\/wp-content\/uploads\/2017\/02\/IMG_2610-773x1030.jpg 773w, http:\/\/www.gs-atter.de.maschinenhalle.eu\/wp-content\/uploads\/2017\/02\/IMG_2610-225x300.jpg 225w, http:\/\/www.gs-atter.de.maschinenhalle.eu\/wp-content\/uploads\/2017\/02\/IMG_2610-768x1024.jpg 768w, http:\/\/www.gs-atter.de.maschinenhalle.eu\/wp-content\/uploads\/2017\/02\/IMG_2610.jpg 1107w\" sizes=\"(max-width: 760px) 100vw, 760px\" \/><\/a><\/em><\/p>\n<p><a href=\"http:\/\/www.gs-atter.de.maschinenhalle.eu\/wp-content\/uploads\/2017\/03\/IMG_2615-e1488382684252.jpg\"><img loading=\"lazy\" class=\"alignnone size-medium wp-image-9934\" src=\"http:\/\/www.gs-atter.de.maschinenhalle.eu\/wp-content\/uploads\/2017\/03\/IMG_2615-e1488382684252-225x300.jpg\" alt=\"\" width=\"225\" height=\"300\" srcset=\"http:\/\/www.gs-atter.de.maschinenhalle.eu\/wp-content\/uploads\/2017\/03\/IMG_2615-e1488382684252-225x300.jpg 225w, http:\/\/www.gs-atter.de.maschinenhalle.eu\/wp-content\/uploads\/2017\/03\/IMG_2615-e1488382684252-768x1024.jpg 768w, http:\/\/www.gs-atter.de.maschinenhalle.eu\/wp-content\/uploads\/2017\/03\/IMG_2615-e1488382684252-772x1030.jpg 772w\" sizes=\"(max-width: 225px) 100vw, 225px\" \/><\/a>&nbsp;&nbsp;<a href=\"http:\/\/www.gs-atter.de.maschinenhalle.eu\/wp-content\/uploads\/2017\/03\/IMG_2613-e1488382789858.jpg\"><img loading=\"lazy\" class=\"alignnone size-medium wp-image-9932\" src=\"http:\/\/www.gs-atter.de.maschinenhalle.eu\/wp-content\/uploads\/2017\/03\/IMG_2613-e1488382789858-300x225.jpg\" alt=\"\" width=\"300\" height=\"225\" srcset=\"http:\/\/www.gs-atter.de.maschinenhalle.eu\/wp-content\/uploads\/2017\/03\/IMG_2613-e1488382789858-300x225.jpg 300w, http:\/\/www.gs-atter.de.maschinenhalle.eu\/wp-content\/uploads\/2017\/03\/IMG_2613-e1488382789858-768x576.jpg 768w, http:\/\/www.gs-atter.de.maschinenhalle.eu\/wp-content\/uploads\/2017\/03\/IMG_2613-e1488382789858-1030x772.jpg 1030w\" sizes=\"(max-width: 300px) 100vw, 300px\" \/><\/a>&nbsp;&nbsp;<a href=\"http:\/\/www.gs-atter.de.maschinenhalle.eu\/wp-content\/uploads\/2017\/03\/IMG_2612-e1488382861686.jpg\"><img loading=\"lazy\" class=\"alignnone size-medium wp-image-9931\" src=\"http:\/\/www.gs-atter.de.maschinenhalle.eu\/wp-content\/uploads\/2017\/03\/IMG_2612-e1488382861686-225x300.jpg\" alt=\"\" width=\"225\" height=\"300\" srcset=\"http:\/\/www.gs-atter.de.maschinenhalle.eu\/wp-content\/uploads\/2017\/03\/IMG_2612-e1488382861686-225x300.jpg 225w, http:\/\/www.gs-atter.de.maschinenhalle.eu\/wp-content\/uploads\/2017\/03\/IMG_2612-e1488382861686-768x1024.jpg 768w, http:\/\/www.gs-atter.de.maschinenhalle.eu\/wp-content\/uploads\/2017\/03\/IMG_2612-e1488382861686-772x1030.jpg 772w\" sizes=\"(max-width: 225px) 100vw, 225px\" \/><\/a><\/p>\n","protected":false},"excerpt":{"rendered":"<p>Im M\u00e4rz sind Schulkinowochen in ganz Niedersachsen. Ziel dieses Projekts ist die St\u00e4rkung der Medienkompetenz der Sch\u00fcler. In Abstimmung mit dem Kultusministerium werden p\u00e4dagogisch hochwertige Filme angeboten. Parallel zur Schulkinowoche finden Fortbildungen statt. In den Klassen selber werden die Filme inhaltlich und thematisch vor- und nachbereitet. So hat die Klasse 3 eine Fotoausstellung und Klasse &#8230; <a title=\"Schulkinowoche\" class=\"read-more\" href=\"http:\/\/www.gs-atter.de.maschinenhalle.eu\/?page_id=9921\" aria-label=\"Mehr dazu unter Schulkinowoche\">Weiterlesen<\/a><\/p>\n","protected":false},"author":1,"featured_media":0,"parent":0,"menu_order":0,"comment_status":"closed","ping_status":"closed","template":"","meta":[],"_links":{"self":[{"href":"http:\/\/www.gs-atter.de.maschinenhalle.eu\/index.php?rest_route=\/wp\/v2\/pages\/9921"}],"collection":[{"href":"http:\/\/www.gs-atter.de.maschinenhalle.eu\/index.php?rest_route=\/wp\/v2\/pages"}],"about":[{"href":"http:\/\/www.gs-atter.de.maschinenhalle.eu\/index.php?rest_route=\/wp\/v2\/types\/page"}],"author":[{"embeddable":true,"href":"http:\/\/www.gs-atter.de.maschinenhalle.eu\/index.php?rest_route=\/wp\/v2\/users\/1"}],"replies":[{"embeddable":true,"href":"http:\/\/www.gs-atter.de.maschinenhalle.eu\/index.php?rest_route=%2Fwp%2Fv2%2Fcomments&post=9921"}],"version-history":[{"count":6,"href":"http:\/\/www.gs-atter.de.maschinenhalle.eu\/index.php?rest_route=\/wp\/v2\/pages\/9921\/revisions"}],"predecessor-version":[{"id":9936,"href":"http:\/\/www.gs-atter.de.maschinenhalle.eu\/index.php?rest_route=\/wp\/v2\/pages\/9921\/revisions\/9936"}],"wp:attachment":[{"href":"http:\/\/www.gs-atter.de.maschinenhalle.eu\/index.php?rest_route=%2Fwp%2Fv2%2Fmedia&parent=9921"}],"curies":[{"name":"wp","href":"https:\/\/api.w.org\/{rel}","templated":true}]}}